{"id":13406,"date":"2024-09-10T16:31:28","date_gmt":"2024-09-10T14:31:28","guid":{"rendered":"https:\/\/velkoobchod.orijintea.com\/produkt\/dzbanek-vlnky-220ml\/"},"modified":"2026-03-17T15:23:05","modified_gmt":"2026-03-17T14:23:05","slug":"dzbanek-vlnky-220ml","status":"publish","type":"product","link":"https:\/\/velkoobchod.orijintea.com\/en\/produkt\/dzbanek-vlnky-220ml\/","title":{"rendered":"D\u017eb\u00e1nek vlnky 220ml"},"content":{"rendered":"","protected":false},"excerpt":{"rendered":"<p>Modern\u00ed vysok\u00fd sklen\u011bn\u00fd d\u017eb\u00e1nek bez ou\u0161ka. Textura zvln\u011bn\u00e9ho skla.<\/p>\n","protected":false},"featured_media":13295,"template":"","meta":[],"product_cat":[1467,1432,1466],"product_tag":[],"acf":[],"_links":{"self":[{"href":"https:\/\/velkoobchod.orijintea.com\/en\/wp-json\/wp\/v2\/product\/13406"}],"collection":[{"href":"https:\/\/velkoobchod.orijintea.com\/en\/wp-json\/wp\/v2\/product"}],"about":[{"href":"https:\/\/velkoobchod.orijintea.com\/en\/wp-json\/wp\/v2\/types\/product"}],"wp:featuredmedia":[{"embeddable":true,"href":"https:\/\/velkoobchod.orijintea.com\/en\/wp-json\/wp\/v2\/media\/13295"}],"wp:attachment":[{"href":"https:\/\/velkoobchod.orijintea.com\/en\/wp-json\/wp\/v2\/media?parent=13406"}],"wp:term":[{"taxonomy":"product_cat","embeddable":true,"href":"https:\/\/velkoobchod.orijintea.com\/en\/wp-json\/wp\/v2\/product_cat?post=13406"},{"taxonomy":"product_tag","embeddable":true,"href":"https:\/\/velkoobchod.orijintea.com\/en\/wp-json\/wp\/v2\/product_tag?post=13406"}],"curies":[{"name":"wp","href":"https:\/\/api.w.org\/{rel}","templated":true}]}}