{"id":13408,"date":"2024-09-10T16:31:31","date_gmt":"2024-09-10T14:31:31","guid":{"rendered":"https:\/\/velkoobchod.orijintea.com\/produkt\/konvicka-250ml-2\/"},"modified":"2025-07-28T16:16:53","modified_gmt":"2025-07-28T14:16:53","slug":"konvicka-250ml-2","status":"publish","type":"product","link":"https:\/\/velkoobchod.orijintea.com\/en\/produkt\/konvicka-250ml-2\/","title":{"rendered":"Konvi\u010dka 250ml"},"content":{"rendered":"","protected":false},"excerpt":{"rendered":"<p>Modern\u00ed sklen\u011bn\u00e1 konvi\u010dka s barevn\u00fdmi prvky.<\/p>\n","protected":false},"featured_media":13301,"template":"","meta":[],"product_cat":[1432,1468,1466],"product_tag":[],"acf":[],"_links":{"self":[{"href":"https:\/\/velkoobchod.orijintea.com\/en\/wp-json\/wp\/v2\/product\/13408"}],"collection":[{"href":"https:\/\/velkoobchod.orijintea.com\/en\/wp-json\/wp\/v2\/product"}],"about":[{"href":"https:\/\/velkoobchod.orijintea.com\/en\/wp-json\/wp\/v2\/types\/product"}],"wp:featuredmedia":[{"embeddable":true,"href":"https:\/\/velkoobchod.orijintea.com\/en\/wp-json\/wp\/v2\/media\/13301"}],"wp:attachment":[{"href":"https:\/\/velkoobchod.orijintea.com\/en\/wp-json\/wp\/v2\/media?parent=13408"}],"wp:term":[{"taxonomy":"product_cat","embeddable":true,"href":"https:\/\/velkoobchod.orijintea.com\/en\/wp-json\/wp\/v2\/product_cat?post=13408"},{"taxonomy":"product_tag","embeddable":true,"href":"https:\/\/velkoobchod.orijintea.com\/en\/wp-json\/wp\/v2\/product_tag?post=13408"}],"curies":[{"name":"wp","href":"https:\/\/api.w.org\/{rel}","templated":true}]}}