{"id":13410,"date":"2024-09-10T16:31:32","date_gmt":"2024-09-10T14:31:32","guid":{"rendered":"https:\/\/velkoobchod.orijintea.com\/produkt\/konev-400ml\/"},"modified":"2026-04-01T14:40:29","modified_gmt":"2026-04-01T12:40:29","slug":"konev-400ml","status":"publish","type":"product","link":"https:\/\/velkoobchod.orijintea.com\/en\/produkt\/konev-400ml\/","title":{"rendered":"Konev 400ml"},"content":{"rendered":"","protected":false},"excerpt":{"rendered":"<p>Modern\u00ed sklen\u011bn\u00e1 konvi\u010dka s barevn\u00fdmi prvky.<\/p>\n","protected":false},"featured_media":13305,"template":"","meta":[],"product_cat":[1432,1468,1466],"product_tag":[],"acf":[],"_links":{"self":[{"href":"https:\/\/velkoobchod.orijintea.com\/en\/wp-json\/wp\/v2\/product\/13410"}],"collection":[{"href":"https:\/\/velkoobchod.orijintea.com\/en\/wp-json\/wp\/v2\/product"}],"about":[{"href":"https:\/\/velkoobchod.orijintea.com\/en\/wp-json\/wp\/v2\/types\/product"}],"wp:featuredmedia":[{"embeddable":true,"href":"https:\/\/velkoobchod.orijintea.com\/en\/wp-json\/wp\/v2\/media\/13305"}],"wp:attachment":[{"href":"https:\/\/velkoobchod.orijintea.com\/en\/wp-json\/wp\/v2\/media?parent=13410"}],"wp:term":[{"taxonomy":"product_cat","embeddable":true,"href":"https:\/\/velkoobchod.orijintea.com\/en\/wp-json\/wp\/v2\/product_cat?post=13410"},{"taxonomy":"product_tag","embeddable":true,"href":"https:\/\/velkoobchod.orijintea.com\/en\/wp-json\/wp\/v2\/product_tag?post=13410"}],"curies":[{"name":"wp","href":"https:\/\/api.w.org\/{rel}","templated":true}]}}