{"id":13412,"date":"2024-09-10T16:31:34","date_gmt":"2024-09-10T14:31:34","guid":{"rendered":"https:\/\/velkoobchod.orijintea.com\/produkt\/dzbanek-de-hua-140ml\/"},"modified":"2025-08-27T10:13:12","modified_gmt":"2025-08-27T08:13:12","slug":"dzbanek-de-hua-140ml","status":"publish","type":"product","link":"https:\/\/velkoobchod.orijintea.com\/en\/produkt\/dzbanek-de-hua-140ml\/","title":{"rendered":"D\u017eb\u00e1nek De Hua 140ml"},"content":{"rendered":"","protected":false},"excerpt":{"rendered":"<p>Modern\u00ed vysok\u00fd porcel\u00e1nov\u00fd d\u017eb\u00e1nek bez ou\u0161ka. Glazura z kovov\u00fdch oxid\u016f. Velmi tenk\u00e9 proveden\u00ed.<\/p>\n","protected":false},"featured_media":13309,"template":"","meta":[],"product_cat":[1432,1454],"product_tag":[],"acf":[],"_links":{"self":[{"href":"https:\/\/velkoobchod.orijintea.com\/en\/wp-json\/wp\/v2\/product\/13412"}],"collection":[{"href":"https:\/\/velkoobchod.orijintea.com\/en\/wp-json\/wp\/v2\/product"}],"about":[{"href":"https:\/\/velkoobchod.orijintea.com\/en\/wp-json\/wp\/v2\/types\/product"}],"wp:featuredmedia":[{"embeddable":true,"href":"https:\/\/velkoobchod.orijintea.com\/en\/wp-json\/wp\/v2\/media\/13309"}],"wp:attachment":[{"href":"https:\/\/velkoobchod.orijintea.com\/en\/wp-json\/wp\/v2\/media?parent=13412"}],"wp:term":[{"taxonomy":"product_cat","embeddable":true,"href":"https:\/\/velkoobchod.orijintea.com\/en\/wp-json\/wp\/v2\/product_cat?post=13412"},{"taxonomy":"product_tag","embeddable":true,"href":"https:\/\/velkoobchod.orijintea.com\/en\/wp-json\/wp\/v2\/product_tag?post=13412"}],"curies":[{"name":"wp","href":"https:\/\/api.w.org\/{rel}","templated":true}]}}