{"id":13413,"date":"2024-09-10T16:31:35","date_gmt":"2024-09-10T14:31:35","guid":{"rendered":"https:\/\/velkoobchod.orijintea.com\/produkt\/salek-celadon-maly\/"},"modified":"2025-10-16T10:51:36","modified_gmt":"2025-10-16T08:51:36","slug":"salek-celadon-maly","status":"publish","type":"product","link":"https:\/\/velkoobchod.orijintea.com\/en\/produkt\/salek-celadon-maly\/","title":{"rendered":"\u0160\u00e1lek celadon mal\u00fd"},"content":{"rendered":"","protected":false},"excerpt":{"rendered":"<p>Mal\u00fd celadonov\u00fd \u0161\u00e1lek s prasklinami v glazu\u0159e, kter\u00e9 se \u010dasem vykresl\u00ed a budou \u0161\u00e1lek origin\u00e1ln\u011b zdobit.<\/p>\n","protected":false},"featured_media":13313,"template":"","meta":[],"product_cat":[1455,1432,1454,1477],"product_tag":[],"acf":[],"_links":{"self":[{"href":"https:\/\/velkoobchod.orijintea.com\/en\/wp-json\/wp\/v2\/product\/13413"}],"collection":[{"href":"https:\/\/velkoobchod.orijintea.com\/en\/wp-json\/wp\/v2\/product"}],"about":[{"href":"https:\/\/velkoobchod.orijintea.com\/en\/wp-json\/wp\/v2\/types\/product"}],"wp:featuredmedia":[{"embeddable":true,"href":"https:\/\/velkoobchod.orijintea.com\/en\/wp-json\/wp\/v2\/media\/13313"}],"wp:attachment":[{"href":"https:\/\/velkoobchod.orijintea.com\/en\/wp-json\/wp\/v2\/media?parent=13413"}],"wp:term":[{"taxonomy":"product_cat","embeddable":true,"href":"https:\/\/velkoobchod.orijintea.com\/en\/wp-json\/wp\/v2\/product_cat?post=13413"},{"taxonomy":"product_tag","embeddable":true,"href":"https:\/\/velkoobchod.orijintea.com\/en\/wp-json\/wp\/v2\/product_tag?post=13413"}],"curies":[{"name":"wp","href":"https:\/\/api.w.org\/{rel}","templated":true}]}}