{"id":13414,"date":"2024-09-10T16:31:36","date_gmt":"2024-09-10T14:31:36","guid":{"rendered":"https:\/\/velkoobchod.orijintea.com\/produkt\/salek-celadon-zeleny-2\/"},"modified":"2026-03-26T11:13:08","modified_gmt":"2026-03-26T10:13:08","slug":"salek-celadon-zeleny-2","status":"publish","type":"product","link":"https:\/\/velkoobchod.orijintea.com\/en\/produkt\/salek-celadon-zeleny-2\/","title":{"rendered":"\u0160\u00e1lek celadon zelen\u00fd"},"content":{"rendered":"","protected":false},"excerpt":{"rendered":"<p>Celadonov\u00fd \u0161\u00e1lek s prasklinami v glazu\u0159e, kter\u00e9 se \u010dasem vykresl\u00ed a budou \u0161\u00e1lek origin\u00e1ln\u011b zdobit.<\/p>\n","protected":false},"featured_media":13315,"template":"","meta":[],"product_cat":[1455,1432,1454,1477],"product_tag":[],"acf":[],"_links":{"self":[{"href":"https:\/\/velkoobchod.orijintea.com\/en\/wp-json\/wp\/v2\/product\/13414"}],"collection":[{"href":"https:\/\/velkoobchod.orijintea.com\/en\/wp-json\/wp\/v2\/product"}],"about":[{"href":"https:\/\/velkoobchod.orijintea.com\/en\/wp-json\/wp\/v2\/types\/product"}],"wp:featuredmedia":[{"embeddable":true,"href":"https:\/\/velkoobchod.orijintea.com\/en\/wp-json\/wp\/v2\/media\/13315"}],"wp:attachment":[{"href":"https:\/\/velkoobchod.orijintea.com\/en\/wp-json\/wp\/v2\/media?parent=13414"}],"wp:term":[{"taxonomy":"product_cat","embeddable":true,"href":"https:\/\/velkoobchod.orijintea.com\/en\/wp-json\/wp\/v2\/product_cat?post=13414"},{"taxonomy":"product_tag","embeddable":true,"href":"https:\/\/velkoobchod.orijintea.com\/en\/wp-json\/wp\/v2\/product_tag?post=13414"}],"curies":[{"name":"wp","href":"https:\/\/api.w.org\/{rel}","templated":true}]}}