{"id":13416,"date":"2024-09-10T16:31:38","date_gmt":"2024-09-10T14:31:38","guid":{"rendered":"https:\/\/velkoobchod.orijintea.com\/produkt\/salek-de-hua\/"},"modified":"2025-12-11T12:29:17","modified_gmt":"2025-12-11T11:29:17","slug":"salek-de-hua","status":"publish","type":"product","link":"https:\/\/velkoobchod.orijintea.com\/en\/produkt\/salek-de-hua\/","title":{"rendered":"\u0160\u00e1lek De Hua"},"content":{"rendered":"","protected":false},"excerpt":{"rendered":"<p>Porcel\u00e1nov\u00fd \u0161\u00e1lek s glazurou z kovov\u00fdch oxid\u016f. Velmi tenk\u00e9 proveden\u00ed.<\/p>\n","protected":false},"featured_media":13317,"template":"","meta":[],"product_cat":[1432,1454,1477],"product_tag":[],"acf":[],"_links":{"self":[{"href":"https:\/\/velkoobchod.orijintea.com\/en\/wp-json\/wp\/v2\/product\/13416"}],"collection":[{"href":"https:\/\/velkoobchod.orijintea.com\/en\/wp-json\/wp\/v2\/product"}],"about":[{"href":"https:\/\/velkoobchod.orijintea.com\/en\/wp-json\/wp\/v2\/types\/product"}],"wp:featuredmedia":[{"embeddable":true,"href":"https:\/\/velkoobchod.orijintea.com\/en\/wp-json\/wp\/v2\/media\/13317"}],"wp:attachment":[{"href":"https:\/\/velkoobchod.orijintea.com\/en\/wp-json\/wp\/v2\/media?parent=13416"}],"wp:term":[{"taxonomy":"product_cat","embeddable":true,"href":"https:\/\/velkoobchod.orijintea.com\/en\/wp-json\/wp\/v2\/product_cat?post=13416"},{"taxonomy":"product_tag","embeddable":true,"href":"https:\/\/velkoobchod.orijintea.com\/en\/wp-json\/wp\/v2\/product_tag?post=13416"}],"curies":[{"name":"wp","href":"https:\/\/api.w.org\/{rel}","templated":true}]}}