{"id":13418,"date":"2024-09-10T16:31:40","date_gmt":"2024-09-10T14:31:40","guid":{"rendered":"https:\/\/velkoobchod.orijintea.com\/produkt\/souprava-modry-zhong\/"},"modified":"2026-01-06T13:05:27","modified_gmt":"2026-01-06T12:05:27","slug":"souprava-modry-zhong","status":"publish","type":"product","link":"https:\/\/velkoobchod.orijintea.com\/en\/produkt\/souprava-modry-zhong\/","title":{"rendered":"Souprava modr\u00fd zhong"},"content":{"rendered":"","protected":false},"excerpt":{"rendered":"<p>Cestovn\u00ed souprava tmav\u011b modr\u00e9ho zhongu, t\u0159ech \u0161\u00e1lk\u016f a mal\u00e9 d\u00f3zy na \u010daj. Praktick\u00fd cestovn\u00ed obal\/kuf\u0159\u00edk s p\u011bnovou v\u00fdpln\u00ed.<\/p>\n","protected":false},"featured_media":13818,"template":"","meta":[],"product_cat":[1432,1454,1470],"product_tag":[],"acf":[],"_links":{"self":[{"href":"https:\/\/velkoobchod.orijintea.com\/en\/wp-json\/wp\/v2\/product\/13418"}],"collection":[{"href":"https:\/\/velkoobchod.orijintea.com\/en\/wp-json\/wp\/v2\/product"}],"about":[{"href":"https:\/\/velkoobchod.orijintea.com\/en\/wp-json\/wp\/v2\/types\/product"}],"wp:featuredmedia":[{"embeddable":true,"href":"https:\/\/velkoobchod.orijintea.com\/en\/wp-json\/wp\/v2\/media\/13818"}],"wp:attachment":[{"href":"https:\/\/velkoobchod.orijintea.com\/en\/wp-json\/wp\/v2\/media?parent=13418"}],"wp:term":[{"taxonomy":"product_cat","embeddable":true,"href":"https:\/\/velkoobchod.orijintea.com\/en\/wp-json\/wp\/v2\/product_cat?post=13418"},{"taxonomy":"product_tag","embeddable":true,"href":"https:\/\/velkoobchod.orijintea.com\/en\/wp-json\/wp\/v2\/product_tag?post=13418"}],"curies":[{"name":"wp","href":"https:\/\/api.w.org\/{rel}","templated":true}]}}