{"id":13419,"date":"2024-09-10T16:31:41","date_gmt":"2024-09-10T14:31:41","guid":{"rendered":"https:\/\/velkoobchod.orijintea.com\/produkt\/souprava-tmavy-bambus\/"},"modified":"2025-12-17T14:56:01","modified_gmt":"2025-12-17T13:56:01","slug":"souprava-tmavy-bambus","status":"publish","type":"product","link":"https:\/\/velkoobchod.orijintea.com\/en\/produkt\/souprava-tmavy-bambus\/","title":{"rendered":"Souprava tmav\u00fd bambus"},"content":{"rendered":"","protected":false},"excerpt":{"rendered":"<p>Cestovn\u00ed souprava v\u011bt\u0161\u00edho zhongu s dekorem bambusu se t\u0159emi \u0161\u00e1lky. Praktick\u00fd cestovn\u00ed obal\/kuf\u0159\u00edk s p\u011bnovou v\u00fdpln\u00ed.<\/p>\n","protected":false},"featured_media":13331,"template":"","meta":[],"product_cat":[1432,1454,1470],"product_tag":[],"acf":[],"_links":{"self":[{"href":"https:\/\/velkoobchod.orijintea.com\/en\/wp-json\/wp\/v2\/product\/13419"}],"collection":[{"href":"https:\/\/velkoobchod.orijintea.com\/en\/wp-json\/wp\/v2\/product"}],"about":[{"href":"https:\/\/velkoobchod.orijintea.com\/en\/wp-json\/wp\/v2\/types\/product"}],"wp:featuredmedia":[{"embeddable":true,"href":"https:\/\/velkoobchod.orijintea.com\/en\/wp-json\/wp\/v2\/media\/13331"}],"wp:attachment":[{"href":"https:\/\/velkoobchod.orijintea.com\/en\/wp-json\/wp\/v2\/media?parent=13419"}],"wp:term":[{"taxonomy":"product_cat","embeddable":true,"href":"https:\/\/velkoobchod.orijintea.com\/en\/wp-json\/wp\/v2\/product_cat?post=13419"},{"taxonomy":"product_tag","embeddable":true,"href":"https:\/\/velkoobchod.orijintea.com\/en\/wp-json\/wp\/v2\/product_tag?post=13419"}],"curies":[{"name":"wp","href":"https:\/\/api.w.org\/{rel}","templated":true}]}}