{"id":13420,"date":"2024-09-10T16:31:41","date_gmt":"2024-09-10T14:31:41","guid":{"rendered":"https:\/\/velkoobchod.orijintea.com\/produkt\/souprava-tmavy-zhong\/"},"modified":"2026-03-26T10:05:12","modified_gmt":"2026-03-26T09:05:12","slug":"souprava-tmavy-zhong","status":"publish","type":"product","link":"https:\/\/velkoobchod.orijintea.com\/en\/produkt\/souprava-tmavy-zhong\/","title":{"rendered":"Souprava tmav\u00fd zhong"},"content":{"rendered":"","protected":false},"excerpt":{"rendered":"<p>Cestovn\u00ed souprava tmav\u00e9ho zhongu, t\u0159ech \u0161\u00e1lk\u016f a mal\u00e9 d\u00f3zy na \u010daj. Praktick\u00fd cestovn\u00ed kuf\u0159\u00edk s p\u011bnovou v\u00fdpln\u00ed.<\/p>\n","protected":false},"featured_media":13341,"template":"","meta":[],"product_cat":[1432,1454,1470],"product_tag":[],"acf":[],"_links":{"self":[{"href":"https:\/\/velkoobchod.orijintea.com\/en\/wp-json\/wp\/v2\/product\/13420"}],"collection":[{"href":"https:\/\/velkoobchod.orijintea.com\/en\/wp-json\/wp\/v2\/product"}],"about":[{"href":"https:\/\/velkoobchod.orijintea.com\/en\/wp-json\/wp\/v2\/types\/product"}],"wp:featuredmedia":[{"embeddable":true,"href":"https:\/\/velkoobchod.orijintea.com\/en\/wp-json\/wp\/v2\/media\/13341"}],"wp:attachment":[{"href":"https:\/\/velkoobchod.orijintea.com\/en\/wp-json\/wp\/v2\/media?parent=13420"}],"wp:term":[{"taxonomy":"product_cat","embeddable":true,"href":"https:\/\/velkoobchod.orijintea.com\/en\/wp-json\/wp\/v2\/product_cat?post=13420"},{"taxonomy":"product_tag","embeddable":true,"href":"https:\/\/velkoobchod.orijintea.com\/en\/wp-json\/wp\/v2\/product_tag?post=13420"}],"curies":[{"name":"wp","href":"https:\/\/api.w.org\/{rel}","templated":true}]}}