{"id":13421,"date":"2024-09-10T16:31:42","date_gmt":"2024-09-10T14:31:42","guid":{"rendered":"https:\/\/velkoobchod.orijintea.com\/produkt\/zhong-de-hua\/"},"modified":"2026-02-26T09:47:05","modified_gmt":"2026-02-26T08:47:05","slug":"zhong-de-hua","status":"publish","type":"product","link":"https:\/\/velkoobchod.orijintea.com\/en\/produkt\/zhong-de-hua\/","title":{"rendered":"Zhong De Hua"},"content":{"rendered":"","protected":false},"excerpt":{"rendered":"<p>Porcel\u00e1nov\u00fd zhong s glazurou z kovov\u00fdch oxid\u016f. Velmi tenk\u00e9 proveden\u00ed.<\/p>\n","protected":false},"featured_media":13347,"template":"","meta":[],"product_cat":[1432,1454,1458],"product_tag":[],"acf":[],"_links":{"self":[{"href":"https:\/\/velkoobchod.orijintea.com\/en\/wp-json\/wp\/v2\/product\/13421"}],"collection":[{"href":"https:\/\/velkoobchod.orijintea.com\/en\/wp-json\/wp\/v2\/product"}],"about":[{"href":"https:\/\/velkoobchod.orijintea.com\/en\/wp-json\/wp\/v2\/types\/product"}],"wp:featuredmedia":[{"embeddable":true,"href":"https:\/\/velkoobchod.orijintea.com\/en\/wp-json\/wp\/v2\/media\/13347"}],"wp:attachment":[{"href":"https:\/\/velkoobchod.orijintea.com\/en\/wp-json\/wp\/v2\/media?parent=13421"}],"wp:term":[{"taxonomy":"product_cat","embeddable":true,"href":"https:\/\/velkoobchod.orijintea.com\/en\/wp-json\/wp\/v2\/product_cat?post=13421"},{"taxonomy":"product_tag","embeddable":true,"href":"https:\/\/velkoobchod.orijintea.com\/en\/wp-json\/wp\/v2\/product_tag?post=13421"}],"curies":[{"name":"wp","href":"https:\/\/api.w.org\/{rel}","templated":true}]}}