{"id":13422,"date":"2024-09-10T16:31:43","date_gmt":"2024-09-10T14:31:43","guid":{"rendered":"https:\/\/velkoobchod.orijintea.com\/produkt\/zhong-de-hua-vysoky\/"},"modified":"2025-12-11T12:34:38","modified_gmt":"2025-12-11T11:34:38","slug":"zhong-de-hua-vysoky","status":"publish","type":"product","link":"https:\/\/velkoobchod.orijintea.com\/en\/produkt\/zhong-de-hua-vysoky\/","title":{"rendered":"Zhong De Hua vysok\u00fd"},"content":{"rendered":"","protected":false},"excerpt":{"rendered":"<p>Vysok\u00fd porcel\u00e1nov\u00fd zhong s glazurou z kovov\u00fdch oxid\u016f. Velmi tenk\u00e9 proveden\u00ed. S\u00edtko ve v\u00ed\u010dku.<\/p>\n","protected":false},"featured_media":13349,"template":"","meta":[],"product_cat":[1432,1454,1458],"product_tag":[],"acf":[],"_links":{"self":[{"href":"https:\/\/velkoobchod.orijintea.com\/en\/wp-json\/wp\/v2\/product\/13422"}],"collection":[{"href":"https:\/\/velkoobchod.orijintea.com\/en\/wp-json\/wp\/v2\/product"}],"about":[{"href":"https:\/\/velkoobchod.orijintea.com\/en\/wp-json\/wp\/v2\/types\/product"}],"wp:featuredmedia":[{"embeddable":true,"href":"https:\/\/velkoobchod.orijintea.com\/en\/wp-json\/wp\/v2\/media\/13349"}],"wp:attachment":[{"href":"https:\/\/velkoobchod.orijintea.com\/en\/wp-json\/wp\/v2\/media?parent=13422"}],"wp:term":[{"taxonomy":"product_cat","embeddable":true,"href":"https:\/\/velkoobchod.orijintea.com\/en\/wp-json\/wp\/v2\/product_cat?post=13422"},{"taxonomy":"product_tag","embeddable":true,"href":"https:\/\/velkoobchod.orijintea.com\/en\/wp-json\/wp\/v2\/product_tag?post=13422"}],"curies":[{"name":"wp","href":"https:\/\/api.w.org\/{rel}","templated":true}]}}