{"id":13424,"date":"2024-09-10T16:31:45","date_gmt":"2024-09-10T14:31:45","guid":{"rendered":"https:\/\/velkoobchod.orijintea.com\/produkt\/nasypka-celadon\/"},"modified":"2025-11-27T10:46:22","modified_gmt":"2025-11-27T09:46:22","slug":"nasypka-celadon","status":"publish","type":"product","link":"https:\/\/velkoobchod.orijintea.com\/en\/produkt\/nasypka-celadon\/","title":{"rendered":"N\u00e1sypka celadon"},"content":{"rendered":"","protected":false},"excerpt":{"rendered":"<p>Celadonov\u00e1 n\u00e1sypka na \u010daj.<\/p>\n","protected":false},"featured_media":13355,"template":"","meta":[],"product_cat":[1432,1459],"product_tag":[],"acf":[],"_links":{"self":[{"href":"https:\/\/velkoobchod.orijintea.com\/en\/wp-json\/wp\/v2\/product\/13424"}],"collection":[{"href":"https:\/\/velkoobchod.orijintea.com\/en\/wp-json\/wp\/v2\/product"}],"about":[{"href":"https:\/\/velkoobchod.orijintea.com\/en\/wp-json\/wp\/v2\/types\/product"}],"wp:featuredmedia":[{"embeddable":true,"href":"https:\/\/velkoobchod.orijintea.com\/en\/wp-json\/wp\/v2\/media\/13355"}],"wp:attachment":[{"href":"https:\/\/velkoobchod.orijintea.com\/en\/wp-json\/wp\/v2\/media?parent=13424"}],"wp:term":[{"taxonomy":"product_cat","embeddable":true,"href":"https:\/\/velkoobchod.orijintea.com\/en\/wp-json\/wp\/v2\/product_cat?post=13424"},{"taxonomy":"product_tag","embeddable":true,"href":"https:\/\/velkoobchod.orijintea.com\/en\/wp-json\/wp\/v2\/product_tag?post=13424"}],"curies":[{"name":"wp","href":"https:\/\/api.w.org\/{rel}","templated":true}]}}