{"id":13428,"date":"2024-09-10T16:31:52","date_gmt":"2024-09-10T14:31:52","guid":{"rendered":"https:\/\/velkoobchod.orijintea.com\/produkt\/doza-zelena-velka\/"},"modified":"2025-08-12T14:15:07","modified_gmt":"2025-08-12T12:15:07","slug":"doza-zelena-velka","status":"publish","type":"product","link":"https:\/\/velkoobchod.orijintea.com\/en\/produkt\/doza-zelena-velka\/","title":{"rendered":"D\u00f3za zelen\u00e1 velk\u00e1"},"content":{"rendered":"","protected":false},"excerpt":{"rendered":"<p>Modern\u00ed vzduchot\u011bsn\u00e1 plechov\u00e1 d\u00f3za na \u010daj. Sou\u010d\u00e1st\u00ed balen\u00ed je aluminiov\u00e9 v\u00ed\u010dko, kter\u00fdm lze d\u00f3zu po napln\u011bn\u00ed dokonale ut\u011bsnit a folie pro vn\u011bj\u0161\u00ed zataven\u00ed.<\/p>\n<p>D\u00f3zy m\u016f\u017eete doplnit vlastn\u00edmi nalepovac\u00edmi etiketami a vytvo\u0159it\u00a0 tak origin\u00e1ln\u00ed balen\u00ed vybran\u00fdch \u010daj\u016f.<\/p>\n","protected":false},"featured_media":13363,"template":"","meta":[],"product_cat":[1446,1432,1459],"product_tag":[],"acf":[],"_links":{"self":[{"href":"https:\/\/velkoobchod.orijintea.com\/en\/wp-json\/wp\/v2\/product\/13428"}],"collection":[{"href":"https:\/\/velkoobchod.orijintea.com\/en\/wp-json\/wp\/v2\/product"}],"about":[{"href":"https:\/\/velkoobchod.orijintea.com\/en\/wp-json\/wp\/v2\/types\/product"}],"wp:featuredmedia":[{"embeddable":true,"href":"https:\/\/velkoobchod.orijintea.com\/en\/wp-json\/wp\/v2\/media\/13363"}],"wp:attachment":[{"href":"https:\/\/velkoobchod.orijintea.com\/en\/wp-json\/wp\/v2\/media?parent=13428"}],"wp:term":[{"taxonomy":"product_cat","embeddable":true,"href":"https:\/\/velkoobchod.orijintea.com\/en\/wp-json\/wp\/v2\/product_cat?post=13428"},{"taxonomy":"product_tag","embeddable":true,"href":"https:\/\/velkoobchod.orijintea.com\/en\/wp-json\/wp\/v2\/product_tag?post=13428"}],"curies":[{"name":"wp","href":"https:\/\/api.w.org\/{rel}","templated":true}]}}