{"id":13432,"date":"2024-09-10T16:31:57","date_gmt":"2024-09-10T14:31:57","guid":{"rendered":"https:\/\/velkoobchod.orijintea.com\/produkt\/miska-yixing-tresen\/"},"modified":"2025-07-16T15:19:38","modified_gmt":"2025-07-16T13:19:38","slug":"miska-yixing-tresen","status":"publish","type":"product","link":"https:\/\/velkoobchod.orijintea.com\/en\/produkt\/miska-yixing-tresen\/","title":{"rendered":"Miska yixing t\u0159e\u0161e\u0148"},"content":{"rendered":"","protected":false},"excerpt":{"rendered":"<p>St\u0159edn\u011b velk\u00e1 miska z kvalitn\u00edho, neglazovan\u00e9ho yixingu s tradi\u010dn\u00edm motivem.<\/p>\n","protected":false},"featured_media":13371,"template":"","meta":[],"product_cat":[1432,1473,1471],"product_tag":[],"acf":[],"_links":{"self":[{"href":"https:\/\/velkoobchod.orijintea.com\/en\/wp-json\/wp\/v2\/product\/13432"}],"collection":[{"href":"https:\/\/velkoobchod.orijintea.com\/en\/wp-json\/wp\/v2\/product"}],"about":[{"href":"https:\/\/velkoobchod.orijintea.com\/en\/wp-json\/wp\/v2\/types\/product"}],"wp:featuredmedia":[{"embeddable":true,"href":"https:\/\/velkoobchod.orijintea.com\/en\/wp-json\/wp\/v2\/media\/13371"}],"wp:attachment":[{"href":"https:\/\/velkoobchod.orijintea.com\/en\/wp-json\/wp\/v2\/media?parent=13432"}],"wp:term":[{"taxonomy":"product_cat","embeddable":true,"href":"https:\/\/velkoobchod.orijintea.com\/en\/wp-json\/wp\/v2\/product_cat?post=13432"},{"taxonomy":"product_tag","embeddable":true,"href":"https:\/\/velkoobchod.orijintea.com\/en\/wp-json\/wp\/v2\/product_tag?post=13432"}],"curies":[{"name":"wp","href":"https:\/\/api.w.org\/{rel}","templated":true}]}}