{"id":13433,"date":"2024-09-10T16:31:58","date_gmt":"2024-09-10T14:31:58","guid":{"rendered":"https:\/\/velkoobchod.orijintea.com\/produkt\/miska-yixing-slivon\/"},"modified":"2026-01-20T11:41:17","modified_gmt":"2026-01-20T10:41:17","slug":"miska-yixing-slivon","status":"publish","type":"product","link":"https:\/\/velkoobchod.orijintea.com\/en\/produkt\/miska-yixing-slivon\/","title":{"rendered":"Miska yixing slivo\u0148"},"content":{"rendered":"","protected":false},"excerpt":{"rendered":"<p>St\u0159edn\u011b velk\u00e1 miska z kvalitn\u00edho, neglazovan\u00e9ho yixingu s tradi\u010dn\u00edm motivem.<\/p>\n","protected":false},"featured_media":13377,"template":"","meta":[],"product_cat":[1432,1473,1471],"product_tag":[],"acf":[],"_links":{"self":[{"href":"https:\/\/velkoobchod.orijintea.com\/en\/wp-json\/wp\/v2\/product\/13433"}],"collection":[{"href":"https:\/\/velkoobchod.orijintea.com\/en\/wp-json\/wp\/v2\/product"}],"about":[{"href":"https:\/\/velkoobchod.orijintea.com\/en\/wp-json\/wp\/v2\/types\/product"}],"wp:featuredmedia":[{"embeddable":true,"href":"https:\/\/velkoobchod.orijintea.com\/en\/wp-json\/wp\/v2\/media\/13377"}],"wp:attachment":[{"href":"https:\/\/velkoobchod.orijintea.com\/en\/wp-json\/wp\/v2\/media?parent=13433"}],"wp:term":[{"taxonomy":"product_cat","embeddable":true,"href":"https:\/\/velkoobchod.orijintea.com\/en\/wp-json\/wp\/v2\/product_cat?post=13433"},{"taxonomy":"product_tag","embeddable":true,"href":"https:\/\/velkoobchod.orijintea.com\/en\/wp-json\/wp\/v2\/product_tag?post=13433"}],"curies":[{"name":"wp","href":"https:\/\/api.w.org\/{rel}","templated":true}]}}