{"id":13435,"date":"2024-09-10T16:31:59","date_gmt":"2024-09-10T14:31:59","guid":{"rendered":"https:\/\/velkoobchod.orijintea.com\/produkt\/miska-yixing-hory\/"},"modified":"2026-01-20T11:41:17","modified_gmt":"2026-01-20T10:41:17","slug":"miska-yixing-hory","status":"publish","type":"product","link":"https:\/\/velkoobchod.orijintea.com\/en\/produkt\/miska-yixing-hory\/","title":{"rendered":"Miska yixing hory"},"content":{"rendered":"","protected":false},"excerpt":{"rendered":"<p>St\u0159edn\u011b velk\u00e1 miska z kvalitn\u00edho, neglazovan\u00e9ho yixingu s tradi\u010dn\u00edm motivem.<\/p>\n","protected":false},"featured_media":13387,"template":"","meta":[],"product_cat":[1432,1473,1471],"product_tag":[],"acf":[],"_links":{"self":[{"href":"https:\/\/velkoobchod.orijintea.com\/en\/wp-json\/wp\/v2\/product\/13435"}],"collection":[{"href":"https:\/\/velkoobchod.orijintea.com\/en\/wp-json\/wp\/v2\/product"}],"about":[{"href":"https:\/\/velkoobchod.orijintea.com\/en\/wp-json\/wp\/v2\/types\/product"}],"wp:featuredmedia":[{"embeddable":true,"href":"https:\/\/velkoobchod.orijintea.com\/en\/wp-json\/wp\/v2\/media\/13387"}],"wp:attachment":[{"href":"https:\/\/velkoobchod.orijintea.com\/en\/wp-json\/wp\/v2\/media?parent=13435"}],"wp:term":[{"taxonomy":"product_cat","embeddable":true,"href":"https:\/\/velkoobchod.orijintea.com\/en\/wp-json\/wp\/v2\/product_cat?post=13435"},{"taxonomy":"product_tag","embeddable":true,"href":"https:\/\/velkoobchod.orijintea.com\/en\/wp-json\/wp\/v2\/product_tag?post=13435"}],"curies":[{"name":"wp","href":"https:\/\/api.w.org\/{rel}","templated":true}]}}