{"id":13437,"date":"2024-09-10T16:32:01","date_gmt":"2024-09-10T14:32:01","guid":{"rendered":"https:\/\/velkoobchod.orijintea.com\/produkt\/miska-yixing-orchidej\/"},"modified":"2025-10-30T11:10:36","modified_gmt":"2025-10-30T10:10:36","slug":"miska-yixing-orchidej","status":"publish","type":"product","link":"https:\/\/velkoobchod.orijintea.com\/en\/produkt\/miska-yixing-orchidej\/","title":{"rendered":"Miska yixing orchidej"},"content":{"rendered":"","protected":false},"excerpt":{"rendered":"<p>St\u0159edn\u011b velk\u00e1 miska z kvalitn\u00edho, neglazovan\u00e9ho yixingu s tradi\u010dn\u00edm motivem.<\/p>\n","protected":false},"featured_media":14892,"template":"","meta":[],"product_cat":[1432,1473,1471],"product_tag":[],"acf":[],"_links":{"self":[{"href":"https:\/\/velkoobchod.orijintea.com\/en\/wp-json\/wp\/v2\/product\/13437"}],"collection":[{"href":"https:\/\/velkoobchod.orijintea.com\/en\/wp-json\/wp\/v2\/product"}],"about":[{"href":"https:\/\/velkoobchod.orijintea.com\/en\/wp-json\/wp\/v2\/types\/product"}],"wp:featuredmedia":[{"embeddable":true,"href":"https:\/\/velkoobchod.orijintea.com\/en\/wp-json\/wp\/v2\/media\/14892"}],"wp:attachment":[{"href":"https:\/\/velkoobchod.orijintea.com\/en\/wp-json\/wp\/v2\/media?parent=13437"}],"wp:term":[{"taxonomy":"product_cat","embeddable":true,"href":"https:\/\/velkoobchod.orijintea.com\/en\/wp-json\/wp\/v2\/product_cat?post=13437"},{"taxonomy":"product_tag","embeddable":true,"href":"https:\/\/velkoobchod.orijintea.com\/en\/wp-json\/wp\/v2\/product_tag?post=13437"}],"curies":[{"name":"wp","href":"https:\/\/api.w.org\/{rel}","templated":true}]}}