{"id":13756,"date":"2024-09-17T15:51:07","date_gmt":"2024-09-17T13:51:07","guid":{"rendered":"https:\/\/velkoobchod.orijintea.com\/produkt\/y407\/"},"modified":"2025-08-06T16:13:11","modified_gmt":"2025-08-06T14:13:11","slug":"y407","status":"publish","type":"product","link":"https:\/\/velkoobchod.orijintea.com\/en\/produkt\/y407\/","title":{"rendered":"Y407"},"content":{"rendered":"","protected":false},"excerpt":{"rendered":"<p>Kvalitn\u00ed yixingsk\u00e1 konvi\u010dka ru\u010dn\u00ed v\u00fdroby.<\/p>\n","protected":false},"featured_media":13487,"template":"","meta":[],"product_cat":[1432,1472,1471],"product_tag":[],"acf":[],"_links":{"self":[{"href":"https:\/\/velkoobchod.orijintea.com\/en\/wp-json\/wp\/v2\/product\/13756"}],"collection":[{"href":"https:\/\/velkoobchod.orijintea.com\/en\/wp-json\/wp\/v2\/product"}],"about":[{"href":"https:\/\/velkoobchod.orijintea.com\/en\/wp-json\/wp\/v2\/types\/product"}],"wp:featuredmedia":[{"embeddable":true,"href":"https:\/\/velkoobchod.orijintea.com\/en\/wp-json\/wp\/v2\/media\/13487"}],"wp:attachment":[{"href":"https:\/\/velkoobchod.orijintea.com\/en\/wp-json\/wp\/v2\/media?parent=13756"}],"wp:term":[{"taxonomy":"product_cat","embeddable":true,"href":"https:\/\/velkoobchod.orijintea.com\/en\/wp-json\/wp\/v2\/product_cat?post=13756"},{"taxonomy":"product_tag","embeddable":true,"href":"https:\/\/velkoobchod.orijintea.com\/en\/wp-json\/wp\/v2\/product_tag?post=13756"}],"curies":[{"name":"wp","href":"https:\/\/api.w.org\/{rel}","templated":true}]}}