{"id":13785,"date":"2024-09-17T15:51:37","date_gmt":"2024-09-17T13:51:37","guid":{"rendered":"https:\/\/velkoobchod.orijintea.com\/produkt\/y436\/"},"modified":"2026-02-26T09:52:25","modified_gmt":"2026-02-26T08:52:25","slug":"y436","status":"publish","type":"product","link":"https:\/\/velkoobchod.orijintea.com\/en\/produkt\/y436\/","title":{"rendered":"Y436"},"content":{"rendered":"","protected":false},"excerpt":{"rendered":"<p>Kvalitn\u00ed yixingsk\u00e1 konvi\u010dka ru\u010dn\u00ed v\u00fdroby.<\/p>\n","protected":false},"featured_media":13613,"template":"","meta":[],"product_cat":[1432,1472,1471],"product_tag":[],"acf":[],"_links":{"self":[{"href":"https:\/\/velkoobchod.orijintea.com\/en\/wp-json\/wp\/v2\/product\/13785"}],"collection":[{"href":"https:\/\/velkoobchod.orijintea.com\/en\/wp-json\/wp\/v2\/product"}],"about":[{"href":"https:\/\/velkoobchod.orijintea.com\/en\/wp-json\/wp\/v2\/types\/product"}],"wp:featuredmedia":[{"embeddable":true,"href":"https:\/\/velkoobchod.orijintea.com\/en\/wp-json\/wp\/v2\/media\/13613"}],"wp:attachment":[{"href":"https:\/\/velkoobchod.orijintea.com\/en\/wp-json\/wp\/v2\/media?parent=13785"}],"wp:term":[{"taxonomy":"product_cat","embeddable":true,"href":"https:\/\/velkoobchod.orijintea.com\/en\/wp-json\/wp\/v2\/product_cat?post=13785"},{"taxonomy":"product_tag","embeddable":true,"href":"https:\/\/velkoobchod.orijintea.com\/en\/wp-json\/wp\/v2\/product_tag?post=13785"}],"curies":[{"name":"wp","href":"https:\/\/api.w.org\/{rel}","templated":true}]}}