{"id":14033,"date":"2025-04-24T15:37:52","date_gmt":"2025-04-24T13:37:52","guid":{"rendered":"https:\/\/velkoobchod.orijintea.com\/?post_type=product&#038;p=14033"},"modified":"2025-12-10T11:32:35","modified_gmt":"2025-12-10T10:32:35","slug":"da-xue-shan","status":"publish","type":"product","link":"https:\/\/velkoobchod.orijintea.com\/en\/produkt\/da-xue-shan\/","title":{"rendered":"Da Xue Shan"},"content":{"rendered":"<p>Da Xue Shan \u5927\u96ea\u5c71 se nach\u00e1z\u00ed v provincii Yunnan v jihoz\u00e1padn\u00ed \u010c\u00edn\u011b, oblasti proslul\u00e9 biodiverzitou a starod\u00e1vn\u00fdmi \u010dajov\u00fdmi stromy (<em>gushu<\/em>). Vysok\u00e1 nadmo\u0159sk\u00e1 v\u00fd\u0161ka (a\u017e 3500 m n. m.), chladn\u00e9 podneb\u00ed a \u010dast\u00e9 mlhy zpomaluj\u00ed r\u016fst \u010dajov\u00fdch l\u00edstk\u016f, co\u017e podporuje koncentraci aroma a komplexitu chut\u00ed. Miner\u00e1ln\u011b bohat\u00e1 p\u016fda a \u010dist\u00e9 \u017eivotn\u00ed prost\u0159ed\u00ed dod\u00e1vaj\u00ed \u010daji jedine\u010dnou \u201ehorskou\u201c sv\u011b\u017eest. \u010caje poch\u00e1z\u00ed z mixu p\u0159irozen\u011b rostouc\u00edch \u010dajov\u00fdch strom\u016f o st\u00e1\u0159\u00ed cca 30 &#8211; 300 let.<\/p>\n","protected":false},"excerpt":{"rendered":"<p>Sv\u011b\u017e\u00ed zelen\u00fd \u010daj z v\u00fd\u0161e polo\u017een\u00fdch zahrad (2000 m n.m.) slavn\u00e9 hory Da Xue Shan . Stejnom\u011brn\u00fd voln\u011b kroucen\u00fd list sv\u011btle a\u017e tmavozeln\u00e9 barvy s b\u00edl\u00fdmi tipsy.<\/p>\n<p>Such\u00fd list kv\u011btinov\u00e9 v\u016fn\u011b s n\u00e1dechem mlad\u00e9 tr\u00e1vy a lehkou sladkost\u00ed p\u0159ipom\u00ednaj\u00edc\u00ed med nebo \u010derstv\u00e9 ovoce.<\/p>\n<p>Jemn\u00e1 hladk\u00e1 chu\u0165 se stopami bambusov\u00fdch v\u00fdhonk\u016f dopln\u011bn\u00e1 miner\u00e1ln\u00ed sv\u011b\u017eest\u00ed a sladkou dochut\u00ed. V n\u00e1levu lze nal\u00e9zt i typick\u00e9 ka\u0161tanov\u00e9 t\u00f3ny a lehkou ko\u0159enitost.<\/p>\n","protected":false},"featured_media":14024,"template":"","meta":[],"product_cat":[142,1426,1418],"product_tag":[],"acf":[],"_links":{"self":[{"href":"https:\/\/velkoobchod.orijintea.com\/en\/wp-json\/wp\/v2\/product\/14033"}],"collection":[{"href":"https:\/\/velkoobchod.orijintea.com\/en\/wp-json\/wp\/v2\/product"}],"about":[{"href":"https:\/\/velkoobchod.orijintea.com\/en\/wp-json\/wp\/v2\/types\/product"}],"wp:featuredmedia":[{"embeddable":true,"href":"https:\/\/velkoobchod.orijintea.com\/en\/wp-json\/wp\/v2\/media\/14024"}],"wp:attachment":[{"href":"https:\/\/velkoobchod.orijintea.com\/en\/wp-json\/wp\/v2\/media?parent=14033"}],"wp:term":[{"taxonomy":"product_cat","embeddable":true,"href":"https:\/\/velkoobchod.orijintea.com\/en\/wp-json\/wp\/v2\/product_cat?post=14033"},{"taxonomy":"product_tag","embeddable":true,"href":"https:\/\/velkoobchod.orijintea.com\/en\/wp-json\/wp\/v2\/product_tag?post=14033"}],"curies":[{"name":"wp","href":"https:\/\/api.w.org\/{rel}","templated":true}]}}