{"id":14064,"date":"2025-04-28T11:20:21","date_gmt":"2025-04-28T09:20:21","guid":{"rendered":"https:\/\/velkoobchod.orijintea.com\/?post_type=product&#038;p=14064"},"modified":"2026-04-20T13:28:14","modified_gmt":"2026-04-20T11:28:14","slug":"yao-shan-chun","status":"publish","type":"product","link":"https:\/\/velkoobchod.orijintea.com\/en\/produkt\/yao-shan-chun\/","title":{"rendered":"Yao Shan Chun"},"content":{"rendered":"","protected":false},"excerpt":{"rendered":"<p>Drobn\u011bj\u0161\u00ed lehce svinut\u00e9 a bohat\u011b tipsov\u00e9 l\u00edstky sv\u011b\u017e\u00ed v\u016fn\u011b exotick\u00fdch kv\u011bt\u016f.<\/p>\n<p>Po zalit\u00ed d\u00e1vaj\u00ed sv\u011btle-\u017elut\u00fd n\u00e1lev lehce nasl\u00e1dl\u00e9 bylinn\u00e9 chuti s o\u0159echov\u00fdmi t\u00f3ny a n\u00e1dechem ovoce.<\/p>\n<p>Harmonick\u00fd jarn\u00ed zelen\u00fd \u010daj, ide\u00e1ln\u00ed na odpoledne nebo po j\u00eddle.<\/p>\n","protected":false},"featured_media":14062,"template":"","meta":[],"product_cat":[142,1422,1418],"product_tag":[1483,2093],"acf":[],"_links":{"self":[{"href":"https:\/\/velkoobchod.orijintea.com\/en\/wp-json\/wp\/v2\/product\/14064"}],"collection":[{"href":"https:\/\/velkoobchod.orijintea.com\/en\/wp-json\/wp\/v2\/product"}],"about":[{"href":"https:\/\/velkoobchod.orijintea.com\/en\/wp-json\/wp\/v2\/types\/product"}],"wp:featuredmedia":[{"embeddable":true,"href":"https:\/\/velkoobchod.orijintea.com\/en\/wp-json\/wp\/v2\/media\/14062"}],"wp:attachment":[{"href":"https:\/\/velkoobchod.orijintea.com\/en\/wp-json\/wp\/v2\/media?parent=14064"}],"wp:term":[{"taxonomy":"product_cat","embeddable":true,"href":"https:\/\/velkoobchod.orijintea.com\/en\/wp-json\/wp\/v2\/product_cat?post=14064"},{"taxonomy":"product_tag","embeddable":true,"href":"https:\/\/velkoobchod.orijintea.com\/en\/wp-json\/wp\/v2\/product_tag?post=14064"}],"curies":[{"name":"wp","href":"https:\/\/api.w.org\/{rel}","templated":true}]}}