{"id":14290,"date":"2025-07-14T16:04:56","date_gmt":"2025-07-14T14:04:56","guid":{"rendered":"https:\/\/velkoobchod.orijintea.com\/?post_type=product&#038;p=14290"},"modified":"2026-03-23T10:27:37","modified_gmt":"2026-03-23T09:27:37","slug":"orijin-zhi-wei-wu-shan-bing-200g","status":"publish","type":"product","link":"https:\/\/velkoobchod.orijintea.com\/en\/produkt\/orijin-zhi-wei-wu-shan-bing-200g\/","title":{"rendered":"Orijin Zhi Wei Wu Shan Bing 200g"},"content":{"rendered":"<p><strong>Zhi Wei Wu Shan \u77e5\u5473\u4e94\u5c71<\/strong>: &#8220;Poznej chu\u0165 p\u011bti hor&#8221; je pr\u00e9miov\u00fd mix pu-erh\u016f z p\u011bti slavn\u00fdch hor. Expertn\u011b nam\u00edch\u00e1no pro doc\u00edlen\u00ed unik\u00e1tn\u00edho chu\u0165ov\u00e9ho profilu. Drak na obalu odr\u00e1\u017e\u00ed\u00a0<em>rok d\u0159ev\u011bn\u00e9ho draka<\/em>, kdy byly kol\u00e1\u010de lisov\u00e1ny a baleny.<\/p>\n","protected":false},"excerpt":{"rendered":"<p>Men\u0161\u00ed 200g kol\u00e1\u010d tmav\u00e9ho pu-erhu (shupu) na\u0161\u00ed vlastn\u00ed produkce. Nalisovan\u00fd ze sm\u011bsi sypan\u00fdch pu-erh\u016f z 5 r\u016fzn\u00fdch hor.<\/p>\n<p>V\u016fn\u011b \u010daje p\u0159ipom\u00edn\u00e1 sladk\u00e9 \u010d\u00ednsk\u00e9 datle a zral\u00e9 ovoce. N\u00e1lev je syt\u00e9, pln\u00e9 chuti se sladk\u00fdmi ml\u00e9\u010dn\u00fdmi a\u017e \u010dokol\u00e1dovit\u00fdmi t\u00f3ny.<\/p>\n<p>V \u010daji chyb\u00ed jak\u00e9koli zn\u00e1mky zatuchlosti, trpkosti \u010di kou\u0159ovitosti.<\/p>\n","protected":false},"featured_media":14337,"template":"","meta":[],"product_cat":[142,1412,1411],"product_tag":[2093],"acf":[],"_links":{"self":[{"href":"https:\/\/velkoobchod.orijintea.com\/en\/wp-json\/wp\/v2\/product\/14290"}],"collection":[{"href":"https:\/\/velkoobchod.orijintea.com\/en\/wp-json\/wp\/v2\/product"}],"about":[{"href":"https:\/\/velkoobchod.orijintea.com\/en\/wp-json\/wp\/v2\/types\/product"}],"wp:featuredmedia":[{"embeddable":true,"href":"https:\/\/velkoobchod.orijintea.com\/en\/wp-json\/wp\/v2\/media\/14337"}],"wp:attachment":[{"href":"https:\/\/velkoobchod.orijintea.com\/en\/wp-json\/wp\/v2\/media?parent=14290"}],"wp:term":[{"taxonomy":"product_cat","embeddable":true,"href":"https:\/\/velkoobchod.orijintea.com\/en\/wp-json\/wp\/v2\/product_cat?post=14290"},{"taxonomy":"product_tag","embeddable":true,"href":"https:\/\/velkoobchod.orijintea.com\/en\/wp-json\/wp\/v2\/product_tag?post=14290"}],"curies":[{"name":"wp","href":"https:\/\/api.w.org\/{rel}","templated":true}]}}