{"id":14294,"date":"2025-07-15T12:15:16","date_gmt":"2025-07-15T10:15:16","guid":{"rendered":"https:\/\/velkoobchod.orijintea.com\/?post_type=product&#038;p=14294"},"modified":"2026-03-11T11:40:28","modified_gmt":"2026-03-11T10:40:28","slug":"liu-bao-sheng-cha-2015","status":"publish","type":"product","link":"https:\/\/velkoobchod.orijintea.com\/en\/produkt\/liu-bao-sheng-cha-2015\/","title":{"rendered":"Liu Bao Sheng Cha 2015"},"content":{"rendered":"","protected":false},"excerpt":{"rendered":"<p>&#8220;Zelen\u00fd \u010daj \u0160esti pevnost\u00ed&#8221; &#8211; Leh\u010d\u00ed, sv\u011b\u017eej\u0161\u00ed a komplexn\u011bj\u0161\u00ed varianta slavn\u00e9ho \u010daje z provincie Guanxi. Ide\u00e1ln\u00ed pro milovn\u00edky zelen\u00fdch pu-erh\u016f a dal\u0161\u00edch p\u0159irozen\u011b zraj\u00edc\u00edch \u010daj\u016f.<\/p>\n<p>N\u00e1lev tmav\u011b-pr\u016fzra\u010dn\u00e9 barvy, komplexn\u00ed v\u016fn\u011b se stopou kv\u011btin. Pln\u00e9 a osv\u011b\u017euj\u00edc\u00ed, jemn\u011b bylinn\u00e9, unik\u00e1tn\u00ed chuti.<\/p>\n<p>Liu Bao Sheng Cha vynech\u00e1v\u00e1 nebo minimalizuje modern\u00ed post-fermentaci (wodui). L\u00edstky \u010daje jsou jen zpracov\u00e1ny a zraj\u00ed p\u0159irozen\u011b. Zr\u00e1n\u00ed je tedy pomalej\u0161\u00ed, chut\u011b z\u016fst\u00e1vaj\u00ed jasn\u011bj\u0161\u00ed a rozv\u00edjej\u00ed se po desetilet\u00ed &#8211; zpracov\u00e1n\u00ed se tak bl\u00ed\u017e\u00ed p\u016fvodn\u00edmu pojet\u00ed \u010daje Lui Bao.<\/p>\n","protected":false},"featured_media":14122,"template":"","meta":[],"product_cat":[142,1411,1416],"product_tag":[],"acf":[],"_links":{"self":[{"href":"https:\/\/velkoobchod.orijintea.com\/en\/wp-json\/wp\/v2\/product\/14294"}],"collection":[{"href":"https:\/\/velkoobchod.orijintea.com\/en\/wp-json\/wp\/v2\/product"}],"about":[{"href":"https:\/\/velkoobchod.orijintea.com\/en\/wp-json\/wp\/v2\/types\/product"}],"wp:featuredmedia":[{"embeddable":true,"href":"https:\/\/velkoobchod.orijintea.com\/en\/wp-json\/wp\/v2\/media\/14122"}],"wp:attachment":[{"href":"https:\/\/velkoobchod.orijintea.com\/en\/wp-json\/wp\/v2\/media?parent=14294"}],"wp:term":[{"taxonomy":"product_cat","embeddable":true,"href":"https:\/\/velkoobchod.orijintea.com\/en\/wp-json\/wp\/v2\/product_cat?post=14294"},{"taxonomy":"product_tag","embeddable":true,"href":"https:\/\/velkoobchod.orijintea.com\/en\/wp-json\/wp\/v2\/product_tag?post=14294"}],"curies":[{"name":"wp","href":"https:\/\/api.w.org\/{rel}","templated":true}]}}