{"id":14296,"date":"2025-07-15T12:48:27","date_gmt":"2025-07-15T10:48:27","guid":{"rendered":"https:\/\/velkoobchod.orijintea.com\/?post_type=product&#038;p=14296"},"modified":"2026-03-11T11:38:11","modified_gmt":"2026-03-11T10:38:11","slug":"yi-wu-1996-sheng-zhuan-cha-240g","status":"publish","type":"product","link":"https:\/\/velkoobchod.orijintea.com\/en\/produkt\/yi-wu-1996-sheng-zhuan-cha-240g\/","title":{"rendered":"Yi Wu 1996 Sheng Zhuan Cha 240g"},"content":{"rendered":"","protected":false},"excerpt":{"rendered":"<p>Cihla zelen\u00e9ho pu-erhu (shengpu) nalisovan\u00e1 z m\u00edchan\u00e9 maocha z oblasti Yi Wu jarn\u00ed produkce roku 1996.<\/p>\n<p>Cihla je nyn\u00ed zna\u010dn\u011b prozr\u00e1l\u00e1 &#8211; tmav\u011b hn\u011bd\u00e9 listy pevn\u00e9 konzistence, u\u0161lechtile d\u0159evit\u011b-vyzr\u00e1l\u00e9 v\u016fn\u011b.<\/p>\n<p>N\u00e1lev oran\u017eov\u011b-hn\u011bd\u00fd, charakter chuti sp\u00ed\u0161e leh\u010d\u00ed, hladk\u00fd a kulat\u00fd, v\u00fdrazn\u011b ovocn\u00fd s d\u0159evit\u00fdmi podt\u00f3ny.<\/p>\n<p>Po v\u00fdrob\u011b v roce 1996 byly cihly p\u0159es 10 let ve skladu v Yunnanu, pot\u00e9 byly zakoupeny \u010dajov\u00fdm mistrem pu-erhu z Pekingu a tam d\u00e1le skladov\u00e1ny. P\u016fvodn\u00ed gram\u00e1\u017e byla tradi\u010dn\u00edch 250g, ale po t\u00e9m\u011b\u0159 30 letech zr\u00e1n\u00ed jsou cihly nyn\u00ed pochopiteln\u011b leh\u010d\u00ed.<\/p>\n","protected":false},"featured_media":14276,"template":"","meta":[],"product_cat":[142,1411,1414],"product_tag":[],"acf":[],"_links":{"self":[{"href":"https:\/\/velkoobchod.orijintea.com\/en\/wp-json\/wp\/v2\/product\/14296"}],"collection":[{"href":"https:\/\/velkoobchod.orijintea.com\/en\/wp-json\/wp\/v2\/product"}],"about":[{"href":"https:\/\/velkoobchod.orijintea.com\/en\/wp-json\/wp\/v2\/types\/product"}],"wp:featuredmedia":[{"embeddable":true,"href":"https:\/\/velkoobchod.orijintea.com\/en\/wp-json\/wp\/v2\/media\/14276"}],"wp:attachment":[{"href":"https:\/\/velkoobchod.orijintea.com\/en\/wp-json\/wp\/v2\/media?parent=14296"}],"wp:term":[{"taxonomy":"product_cat","embeddable":true,"href":"https:\/\/velkoobchod.orijintea.com\/en\/wp-json\/wp\/v2\/product_cat?post=14296"},{"taxonomy":"product_tag","embeddable":true,"href":"https:\/\/velkoobchod.orijintea.com\/en\/wp-json\/wp\/v2\/product_tag?post=14296"}],"curies":[{"name":"wp","href":"https:\/\/api.w.org\/{rel}","templated":true}]}}