{"id":14352,"date":"2025-08-18T14:59:01","date_gmt":"2025-08-18T12:59:01","guid":{"rendered":"https:\/\/velkoobchod.orijintea.com\/produkt\/sklenena-konvice-600ml\/"},"modified":"2026-01-06T13:01:22","modified_gmt":"2026-01-06T12:01:22","slug":"sklenena-konvice-600ml","status":"publish","type":"product","link":"https:\/\/velkoobchod.orijintea.com\/en\/produkt\/sklenena-konvice-600ml\/","title":{"rendered":"Sklen\u011bn\u00e1 konvice 600ml"},"content":{"rendered":"","protected":false},"excerpt":{"rendered":"<p>Sklen\u011bn\u00e1 konvi\u010dka s porcel\u00e1nov\u00fdm v\u00ed\u010dkem a s\u00edtkem.<\/p>\n","protected":false},"featured_media":14124,"template":"","meta":[],"product_cat":[1432,1468,1466],"product_tag":[1729],"acf":[],"_links":{"self":[{"href":"https:\/\/velkoobchod.orijintea.com\/en\/wp-json\/wp\/v2\/product\/14352"}],"collection":[{"href":"https:\/\/velkoobchod.orijintea.com\/en\/wp-json\/wp\/v2\/product"}],"about":[{"href":"https:\/\/velkoobchod.orijintea.com\/en\/wp-json\/wp\/v2\/types\/product"}],"wp:featuredmedia":[{"embeddable":true,"href":"https:\/\/velkoobchod.orijintea.com\/en\/wp-json\/wp\/v2\/media\/14124"}],"wp:attachment":[{"href":"https:\/\/velkoobchod.orijintea.com\/en\/wp-json\/wp\/v2\/media?parent=14352"}],"wp:term":[{"taxonomy":"product_cat","embeddable":true,"href":"https:\/\/velkoobchod.orijintea.com\/en\/wp-json\/wp\/v2\/product_cat?post=14352"},{"taxonomy":"product_tag","embeddable":true,"href":"https:\/\/velkoobchod.orijintea.com\/en\/wp-json\/wp\/v2\/product_tag?post=14352"}],"curies":[{"name":"wp","href":"https:\/\/api.w.org\/{rel}","templated":true}]}}