{"id":14353,"date":"2025-08-18T14:59:03","date_gmt":"2025-08-18T12:59:03","guid":{"rendered":"https:\/\/velkoobchod.orijintea.com\/produkt\/ohrivacek-skleneny\/"},"modified":"2025-12-11T13:44:55","modified_gmt":"2025-12-11T12:44:55","slug":"ohrivacek-skleneny","status":"publish","type":"product","link":"https:\/\/velkoobchod.orijintea.com\/en\/produkt\/ohrivacek-skleneny\/","title":{"rendered":"Oh\u0159\u00edv\u00e1\u010dek sklen\u011bn\u00fd"},"content":{"rendered":"","protected":false},"excerpt":{"rendered":"<p>Klasick\u00fd sklen\u011bn\u00fd oh\u0159\u00edva\u010dek na \u010dajov\u00e9 sv\u00ed\u010dky.<\/p>\n","protected":false},"featured_media":14471,"template":"","meta":[],"product_cat":[1432,1459,1466],"product_tag":[1729],"acf":[],"_links":{"self":[{"href":"https:\/\/velkoobchod.orijintea.com\/en\/wp-json\/wp\/v2\/product\/14353"}],"collection":[{"href":"https:\/\/velkoobchod.orijintea.com\/en\/wp-json\/wp\/v2\/product"}],"about":[{"href":"https:\/\/velkoobchod.orijintea.com\/en\/wp-json\/wp\/v2\/types\/product"}],"wp:featuredmedia":[{"embeddable":true,"href":"https:\/\/velkoobchod.orijintea.com\/en\/wp-json\/wp\/v2\/media\/14471"}],"wp:attachment":[{"href":"https:\/\/velkoobchod.orijintea.com\/en\/wp-json\/wp\/v2\/media?parent=14353"}],"wp:term":[{"taxonomy":"product_cat","embeddable":true,"href":"https:\/\/velkoobchod.orijintea.com\/en\/wp-json\/wp\/v2\/product_cat?post=14353"},{"taxonomy":"product_tag","embeddable":true,"href":"https:\/\/velkoobchod.orijintea.com\/en\/wp-json\/wp\/v2\/product_tag?post=14353"}],"curies":[{"name":"wp","href":"https:\/\/api.w.org\/{rel}","templated":true}]}}