{"id":14354,"date":"2025-08-18T14:59:04","date_gmt":"2025-08-18T12:59:04","guid":{"rendered":"https:\/\/velkoobchod.orijintea.com\/produkt\/konev-340ml\/"},"modified":"2026-03-23T10:27:37","modified_gmt":"2026-03-23T09:27:37","slug":"konev-340ml","status":"publish","type":"product","link":"https:\/\/velkoobchod.orijintea.com\/en\/produkt\/konev-340ml\/","title":{"rendered":"Konev 340ml"},"content":{"rendered":"","protected":false},"excerpt":{"rendered":"<p>Sklen\u011bn\u00e1 konvi\u010dka se sklen\u011bn\u00fdm s\u00edtkem.<\/p>\n","protected":false},"featured_media":14473,"template":"","meta":[],"product_cat":[1432,1468,1466],"product_tag":[1729],"acf":[],"_links":{"self":[{"href":"https:\/\/velkoobchod.orijintea.com\/en\/wp-json\/wp\/v2\/product\/14354"}],"collection":[{"href":"https:\/\/velkoobchod.orijintea.com\/en\/wp-json\/wp\/v2\/product"}],"about":[{"href":"https:\/\/velkoobchod.orijintea.com\/en\/wp-json\/wp\/v2\/types\/product"}],"wp:featuredmedia":[{"embeddable":true,"href":"https:\/\/velkoobchod.orijintea.com\/en\/wp-json\/wp\/v2\/media\/14473"}],"wp:attachment":[{"href":"https:\/\/velkoobchod.orijintea.com\/en\/wp-json\/wp\/v2\/media?parent=14354"}],"wp:term":[{"taxonomy":"product_cat","embeddable":true,"href":"https:\/\/velkoobchod.orijintea.com\/en\/wp-json\/wp\/v2\/product_cat?post=14354"},{"taxonomy":"product_tag","embeddable":true,"href":"https:\/\/velkoobchod.orijintea.com\/en\/wp-json\/wp\/v2\/product_tag?post=14354"}],"curies":[{"name":"wp","href":"https:\/\/api.w.org\/{rel}","templated":true}]}}