{"id":14356,"date":"2025-08-18T14:59:07","date_gmt":"2025-08-18T12:59:07","guid":{"rendered":"https:\/\/velkoobchod.orijintea.com\/produkt\/ohrivacek-sklenene-srdce\/"},"modified":"2025-10-13T10:12:39","modified_gmt":"2025-10-13T08:12:39","slug":"ohrivacek-sklenene-srdce","status":"publish","type":"product","link":"https:\/\/velkoobchod.orijintea.com\/en\/produkt\/ohrivacek-sklenene-srdce\/","title":{"rendered":"Oh\u0159\u00edv\u00e1\u010dek sklen\u011bn\u00e9 srdce"},"content":{"rendered":"","protected":false},"excerpt":{"rendered":"<p>Celosklen\u011bn\u00fd oh\u0159\u00edv\u00e1\u010dek na \u010dajov\u00e9 sv\u00ed\u010dky.<\/p>\n","protected":false},"featured_media":14485,"template":"","meta":[],"product_cat":[1432,1459,1466],"product_tag":[1729],"acf":[],"_links":{"self":[{"href":"https:\/\/velkoobchod.orijintea.com\/en\/wp-json\/wp\/v2\/product\/14356"}],"collection":[{"href":"https:\/\/velkoobchod.orijintea.com\/en\/wp-json\/wp\/v2\/product"}],"about":[{"href":"https:\/\/velkoobchod.orijintea.com\/en\/wp-json\/wp\/v2\/types\/product"}],"wp:featuredmedia":[{"embeddable":true,"href":"https:\/\/velkoobchod.orijintea.com\/en\/wp-json\/wp\/v2\/media\/14485"}],"wp:attachment":[{"href":"https:\/\/velkoobchod.orijintea.com\/en\/wp-json\/wp\/v2\/media?parent=14356"}],"wp:term":[{"taxonomy":"product_cat","embeddable":true,"href":"https:\/\/velkoobchod.orijintea.com\/en\/wp-json\/wp\/v2\/product_cat?post=14356"},{"taxonomy":"product_tag","embeddable":true,"href":"https:\/\/velkoobchod.orijintea.com\/en\/wp-json\/wp\/v2\/product_tag?post=14356"}],"curies":[{"name":"wp","href":"https:\/\/api.w.org\/{rel}","templated":true}]}}