{"id":14357,"date":"2025-08-18T14:59:09","date_gmt":"2025-08-18T12:59:09","guid":{"rendered":"https:\/\/velkoobchod.orijintea.com\/produkt\/dzbanek-bily-vysoky\/"},"modified":"2026-01-20T11:41:16","modified_gmt":"2026-01-20T10:41:16","slug":"dzbanek-bily-vysoky","status":"publish","type":"product","link":"https:\/\/velkoobchod.orijintea.com\/en\/produkt\/dzbanek-bily-vysoky\/","title":{"rendered":"D\u017eb\u00e1nek b\u00edl\u00fd vysok\u00fd"},"content":{"rendered":"","protected":false},"excerpt":{"rendered":"<p>D\u017eb\u00e1nek z kvalitn\u00edho porcel\u00e1nu z Jing De Zhen.<\/p>\n","protected":false},"featured_media":14515,"template":"","meta":[],"product_cat":[1432,1454],"product_tag":[1729],"acf":[],"_links":{"self":[{"href":"https:\/\/velkoobchod.orijintea.com\/en\/wp-json\/wp\/v2\/product\/14357"}],"collection":[{"href":"https:\/\/velkoobchod.orijintea.com\/en\/wp-json\/wp\/v2\/product"}],"about":[{"href":"https:\/\/velkoobchod.orijintea.com\/en\/wp-json\/wp\/v2\/types\/product"}],"wp:featuredmedia":[{"embeddable":true,"href":"https:\/\/velkoobchod.orijintea.com\/en\/wp-json\/wp\/v2\/media\/14515"}],"wp:attachment":[{"href":"https:\/\/velkoobchod.orijintea.com\/en\/wp-json\/wp\/v2\/media?parent=14357"}],"wp:term":[{"taxonomy":"product_cat","embeddable":true,"href":"https:\/\/velkoobchod.orijintea.com\/en\/wp-json\/wp\/v2\/product_cat?post=14357"},{"taxonomy":"product_tag","embeddable":true,"href":"https:\/\/velkoobchod.orijintea.com\/en\/wp-json\/wp\/v2\/product_tag?post=14357"}],"curies":[{"name":"wp","href":"https:\/\/api.w.org\/{rel}","templated":true}]}}