{"id":14359,"date":"2025-08-18T14:59:12","date_gmt":"2025-08-18T12:59:12","guid":{"rendered":"https:\/\/velkoobchod.orijintea.com\/produkt\/konvicka-svetlemodra-s-drakem\/"},"modified":"2026-02-26T09:52:24","modified_gmt":"2026-02-26T08:52:24","slug":"konvicka-svetlemodra-s-drakem","status":"publish","type":"product","link":"https:\/\/velkoobchod.orijintea.com\/en\/produkt\/konvicka-svetlemodra-s-drakem\/","title":{"rendered":"Konvi\u010dka sv\u011btlemodr\u00e1 s drakem"},"content":{"rendered":"","protected":false},"excerpt":{"rendered":"<p>Ru\u010dn\u011b zpracovan\u00e1 a dekorovan\u00e1 konvi\u010dka z kvalitn\u00edho porcel\u00e1nu z Jing De Zhen.<\/p>\n","protected":false},"featured_media":14409,"template":"","meta":[],"product_cat":[1432,1457,1454],"product_tag":[1729],"acf":[],"_links":{"self":[{"href":"https:\/\/velkoobchod.orijintea.com\/en\/wp-json\/wp\/v2\/product\/14359"}],"collection":[{"href":"https:\/\/velkoobchod.orijintea.com\/en\/wp-json\/wp\/v2\/product"}],"about":[{"href":"https:\/\/velkoobchod.orijintea.com\/en\/wp-json\/wp\/v2\/types\/product"}],"wp:featuredmedia":[{"embeddable":true,"href":"https:\/\/velkoobchod.orijintea.com\/en\/wp-json\/wp\/v2\/media\/14409"}],"wp:attachment":[{"href":"https:\/\/velkoobchod.orijintea.com\/en\/wp-json\/wp\/v2\/media?parent=14359"}],"wp:term":[{"taxonomy":"product_cat","embeddable":true,"href":"https:\/\/velkoobchod.orijintea.com\/en\/wp-json\/wp\/v2\/product_cat?post=14359"},{"taxonomy":"product_tag","embeddable":true,"href":"https:\/\/velkoobchod.orijintea.com\/en\/wp-json\/wp\/v2\/product_tag?post=14359"}],"curies":[{"name":"wp","href":"https:\/\/api.w.org\/{rel}","templated":true}]}}