{"id":14361,"date":"2025-08-18T14:59:15","date_gmt":"2025-08-18T12:59:15","guid":{"rendered":"https:\/\/velkoobchod.orijintea.com\/produkt\/miska-svetlemodra-drak\/"},"modified":"2025-12-11T12:29:17","modified_gmt":"2025-12-11T11:29:17","slug":"miska-svetlemodra-drak","status":"publish","type":"product","link":"https:\/\/velkoobchod.orijintea.com\/en\/produkt\/miska-svetlemodra-drak\/","title":{"rendered":"Miska sv\u011btlemodr\u00e1 drak"},"content":{"rendered":"","protected":false},"excerpt":{"rendered":"<p>Miska s tradi\u010dn\u00edm motivem draka.<\/p>\n","protected":false},"featured_media":14523,"template":"","meta":[],"product_cat":[1432,1454,1477],"product_tag":[1729],"acf":[],"_links":{"self":[{"href":"https:\/\/velkoobchod.orijintea.com\/en\/wp-json\/wp\/v2\/product\/14361"}],"collection":[{"href":"https:\/\/velkoobchod.orijintea.com\/en\/wp-json\/wp\/v2\/product"}],"about":[{"href":"https:\/\/velkoobchod.orijintea.com\/en\/wp-json\/wp\/v2\/types\/product"}],"wp:featuredmedia":[{"embeddable":true,"href":"https:\/\/velkoobchod.orijintea.com\/en\/wp-json\/wp\/v2\/media\/14523"}],"wp:attachment":[{"href":"https:\/\/velkoobchod.orijintea.com\/en\/wp-json\/wp\/v2\/media?parent=14361"}],"wp:term":[{"taxonomy":"product_cat","embeddable":true,"href":"https:\/\/velkoobchod.orijintea.com\/en\/wp-json\/wp\/v2\/product_cat?post=14361"},{"taxonomy":"product_tag","embeddable":true,"href":"https:\/\/velkoobchod.orijintea.com\/en\/wp-json\/wp\/v2\/product_tag?post=14361"}],"curies":[{"name":"wp","href":"https:\/\/api.w.org\/{rel}","templated":true}]}}