{"id":14362,"date":"2025-08-18T14:59:16","date_gmt":"2025-08-18T12:59:16","guid":{"rendered":"https:\/\/velkoobchod.orijintea.com\/produkt\/miska-lotos\/"},"modified":"2025-12-11T12:29:17","modified_gmt":"2025-12-11T11:29:17","slug":"miska-lotos","status":"publish","type":"product","link":"https:\/\/velkoobchod.orijintea.com\/en\/produkt\/miska-lotos\/","title":{"rendered":"Miska lotos"},"content":{"rendered":"","protected":false},"excerpt":{"rendered":"<p>Tradi\u010dn\u00ed porcel\u00e1nov\u00e1 miska k\u00f3nick\u00e9ho tvaru s dekorem lotosu.<\/p>\n","protected":false},"featured_media":14154,"template":"","meta":[],"product_cat":[1432,1454,1477],"product_tag":[1729],"acf":[],"_links":{"self":[{"href":"https:\/\/velkoobchod.orijintea.com\/en\/wp-json\/wp\/v2\/product\/14362"}],"collection":[{"href":"https:\/\/velkoobchod.orijintea.com\/en\/wp-json\/wp\/v2\/product"}],"about":[{"href":"https:\/\/velkoobchod.orijintea.com\/en\/wp-json\/wp\/v2\/types\/product"}],"wp:featuredmedia":[{"embeddable":true,"href":"https:\/\/velkoobchod.orijintea.com\/en\/wp-json\/wp\/v2\/media\/14154"}],"wp:attachment":[{"href":"https:\/\/velkoobchod.orijintea.com\/en\/wp-json\/wp\/v2\/media?parent=14362"}],"wp:term":[{"taxonomy":"product_cat","embeddable":true,"href":"https:\/\/velkoobchod.orijintea.com\/en\/wp-json\/wp\/v2\/product_cat?post=14362"},{"taxonomy":"product_tag","embeddable":true,"href":"https:\/\/velkoobchod.orijintea.com\/en\/wp-json\/wp\/v2\/product_tag?post=14362"}],"curies":[{"name":"wp","href":"https:\/\/api.w.org\/{rel}","templated":true}]}}