{"id":14363,"date":"2025-08-18T14:59:18","date_gmt":"2025-08-18T12:59:18","guid":{"rendered":"https:\/\/velkoobchod.orijintea.com\/produkt\/mistrova-miska\/"},"modified":"2026-03-02T14:19:55","modified_gmt":"2026-03-02T13:19:55","slug":"mistrova-miska","status":"publish","type":"product","link":"https:\/\/velkoobchod.orijintea.com\/en\/produkt\/mistrova-miska\/","title":{"rendered":"Mistrova miska"},"content":{"rendered":"","protected":false},"excerpt":{"rendered":"<p>Miska starod\u00e1vn\u00e9ho tvaru &#8211; tradi\u010dn\u00ed porcel\u00e1nov\u00e1 miska, kterou pou\u017e\u00edvali \u010dajov\u00ed mist\u0159i.<\/p>\n","protected":false},"featured_media":14158,"template":"","meta":[],"product_cat":[1432,1454,1477],"product_tag":[1729],"acf":[],"_links":{"self":[{"href":"https:\/\/velkoobchod.orijintea.com\/en\/wp-json\/wp\/v2\/product\/14363"}],"collection":[{"href":"https:\/\/velkoobchod.orijintea.com\/en\/wp-json\/wp\/v2\/product"}],"about":[{"href":"https:\/\/velkoobchod.orijintea.com\/en\/wp-json\/wp\/v2\/types\/product"}],"wp:featuredmedia":[{"embeddable":true,"href":"https:\/\/velkoobchod.orijintea.com\/en\/wp-json\/wp\/v2\/media\/14158"}],"wp:attachment":[{"href":"https:\/\/velkoobchod.orijintea.com\/en\/wp-json\/wp\/v2\/media?parent=14363"}],"wp:term":[{"taxonomy":"product_cat","embeddable":true,"href":"https:\/\/velkoobchod.orijintea.com\/en\/wp-json\/wp\/v2\/product_cat?post=14363"},{"taxonomy":"product_tag","embeddable":true,"href":"https:\/\/velkoobchod.orijintea.com\/en\/wp-json\/wp\/v2\/product_tag?post=14363"}],"curies":[{"name":"wp","href":"https:\/\/api.w.org\/{rel}","templated":true}]}}