{"id":14364,"date":"2025-08-18T14:59:19","date_gmt":"2025-08-18T12:59:19","guid":{"rendered":"https:\/\/velkoobchod.orijintea.com\/produkt\/miska-tri-pozehnani\/"},"modified":"2025-12-11T12:29:17","modified_gmt":"2025-12-11T11:29:17","slug":"miska-tri-pozehnani","status":"publish","type":"product","link":"https:\/\/velkoobchod.orijintea.com\/en\/produkt\/miska-tri-pozehnani\/","title":{"rendered":"Miska t\u0159\u00ed po\u017eehn\u00e1n\u00ed"},"content":{"rendered":"","protected":false},"excerpt":{"rendered":"<p>Mal\u00fd porcel\u00e1nov\u00fd \u0161\u00e1lek s tradi\u010dn\u00edm dekorem \u201eT\u0159\u00ed po\u017eehn\u00e1n\u00ed\u201c (San Duo \u4e09\u591a).<\/p>\n<p>Tvo\u0159\u00ed jej Buddhovy ruce, broskev a gran\u00e1tov\u00e9 jablko. Z\u00e1kladn\u00ed v\u00fdznam je <em>\u201ev\u00edce po\u017eehn\u00e1n\u00ed, v\u00edce dlouhov\u011bkosti a v\u00edce d\u011bt\u00ed\u201c<\/em>.<\/p>\n","protected":false},"featured_media":14164,"template":"","meta":[],"product_cat":[1432,1454,1477],"product_tag":[1729],"acf":[],"_links":{"self":[{"href":"https:\/\/velkoobchod.orijintea.com\/en\/wp-json\/wp\/v2\/product\/14364"}],"collection":[{"href":"https:\/\/velkoobchod.orijintea.com\/en\/wp-json\/wp\/v2\/product"}],"about":[{"href":"https:\/\/velkoobchod.orijintea.com\/en\/wp-json\/wp\/v2\/types\/product"}],"wp:featuredmedia":[{"embeddable":true,"href":"https:\/\/velkoobchod.orijintea.com\/en\/wp-json\/wp\/v2\/media\/14164"}],"wp:attachment":[{"href":"https:\/\/velkoobchod.orijintea.com\/en\/wp-json\/wp\/v2\/media?parent=14364"}],"wp:term":[{"taxonomy":"product_cat","embeddable":true,"href":"https:\/\/velkoobchod.orijintea.com\/en\/wp-json\/wp\/v2\/product_cat?post=14364"},{"taxonomy":"product_tag","embeddable":true,"href":"https:\/\/velkoobchod.orijintea.com\/en\/wp-json\/wp\/v2\/product_tag?post=14364"}],"curies":[{"name":"wp","href":"https:\/\/api.w.org\/{rel}","templated":true}]}}