{"id":14365,"date":"2025-08-18T14:59:20","date_gmt":"2025-08-18T12:59:20","guid":{"rendered":"https:\/\/velkoobchod.orijintea.com\/produkt\/miska-svetle-zelena\/"},"modified":"2025-12-11T12:29:18","modified_gmt":"2025-12-11T11:29:18","slug":"miska-svetle-zelena","status":"publish","type":"product","link":"https:\/\/velkoobchod.orijintea.com\/en\/produkt\/miska-svetle-zelena\/","title":{"rendered":"Miska sv\u011btle zelen\u00e1"},"content":{"rendered":"","protected":false},"excerpt":{"rendered":"<p>Mal\u00fd \u0161\u00e1lek z kvalitn\u00edho porcel\u00e1nu z Jing De Zhen. Tradi\u010dn\u00ed glazura z nadrcen\u00fdch miner\u00e1l\u016f.<\/p>\n","protected":false},"featured_media":14170,"template":"","meta":[],"product_cat":[1432,1454,1477],"product_tag":[1729],"acf":[],"_links":{"self":[{"href":"https:\/\/velkoobchod.orijintea.com\/en\/wp-json\/wp\/v2\/product\/14365"}],"collection":[{"href":"https:\/\/velkoobchod.orijintea.com\/en\/wp-json\/wp\/v2\/product"}],"about":[{"href":"https:\/\/velkoobchod.orijintea.com\/en\/wp-json\/wp\/v2\/types\/product"}],"wp:featuredmedia":[{"embeddable":true,"href":"https:\/\/velkoobchod.orijintea.com\/en\/wp-json\/wp\/v2\/media\/14170"}],"wp:attachment":[{"href":"https:\/\/velkoobchod.orijintea.com\/en\/wp-json\/wp\/v2\/media?parent=14365"}],"wp:term":[{"taxonomy":"product_cat","embeddable":true,"href":"https:\/\/velkoobchod.orijintea.com\/en\/wp-json\/wp\/v2\/product_cat?post=14365"},{"taxonomy":"product_tag","embeddable":true,"href":"https:\/\/velkoobchod.orijintea.com\/en\/wp-json\/wp\/v2\/product_tag?post=14365"}],"curies":[{"name":"wp","href":"https:\/\/api.w.org\/{rel}","templated":true}]}}