{"id":14366,"date":"2025-08-18T14:59:27","date_gmt":"2025-08-18T12:59:27","guid":{"rendered":"https:\/\/velkoobchod.orijintea.com\/produkt\/miska-svetle-modra\/"},"modified":"2026-01-06T12:59:04","modified_gmt":"2026-01-06T11:59:04","slug":"miska-svetle-modra","status":"publish","type":"product","link":"https:\/\/velkoobchod.orijintea.com\/en\/produkt\/miska-svetle-modra\/","title":{"rendered":"Miska sv\u011btle modr\u00e1"},"content":{"rendered":"","protected":false},"excerpt":{"rendered":"<p>Mal\u00fd \u0161\u00e1lek z kvalitn\u00edho porcel\u00e1nu z Jing De Zhen. Tradi\u010dn\u00ed glazura z nadrcen\u00fdch miner\u00e1l\u016f.<\/p>\n","protected":false},"featured_media":14172,"template":"","meta":[],"product_cat":[1432,1454,1477],"product_tag":[1729],"acf":[],"_links":{"self":[{"href":"https:\/\/velkoobchod.orijintea.com\/en\/wp-json\/wp\/v2\/product\/14366"}],"collection":[{"href":"https:\/\/velkoobchod.orijintea.com\/en\/wp-json\/wp\/v2\/product"}],"about":[{"href":"https:\/\/velkoobchod.orijintea.com\/en\/wp-json\/wp\/v2\/types\/product"}],"wp:featuredmedia":[{"embeddable":true,"href":"https:\/\/velkoobchod.orijintea.com\/en\/wp-json\/wp\/v2\/media\/14172"}],"wp:attachment":[{"href":"https:\/\/velkoobchod.orijintea.com\/en\/wp-json\/wp\/v2\/media?parent=14366"}],"wp:term":[{"taxonomy":"product_cat","embeddable":true,"href":"https:\/\/velkoobchod.orijintea.com\/en\/wp-json\/wp\/v2\/product_cat?post=14366"},{"taxonomy":"product_tag","embeddable":true,"href":"https:\/\/velkoobchod.orijintea.com\/en\/wp-json\/wp\/v2\/product_tag?post=14366"}],"curies":[{"name":"wp","href":"https:\/\/api.w.org\/{rel}","templated":true}]}}