{"id":14368,"date":"2025-08-18T14:59:30","date_gmt":"2025-08-18T12:59:30","guid":{"rendered":"https:\/\/velkoobchod.orijintea.com\/produkt\/miska-cervena\/"},"modified":"2025-10-14T15:09:07","modified_gmt":"2025-10-14T13:09:07","slug":"miska-cervena","status":"publish","type":"product","link":"https:\/\/velkoobchod.orijintea.com\/en\/produkt\/miska-cervena\/","title":{"rendered":"Miska \u010derven\u00e1"},"content":{"rendered":"","protected":false},"excerpt":{"rendered":"<p>Mal\u00fd \u0161\u00e1lek z kvalitn\u00edho porcel\u00e1nu z Jing De Zhen. Tradi\u010dn\u00ed glazura z nadrcen\u00fdch miner\u00e1l\u016f.<\/p>\n","protected":false},"featured_media":14176,"template":"","meta":[],"product_cat":[1432,1454,1477],"product_tag":[1729],"acf":[],"_links":{"self":[{"href":"https:\/\/velkoobchod.orijintea.com\/en\/wp-json\/wp\/v2\/product\/14368"}],"collection":[{"href":"https:\/\/velkoobchod.orijintea.com\/en\/wp-json\/wp\/v2\/product"}],"about":[{"href":"https:\/\/velkoobchod.orijintea.com\/en\/wp-json\/wp\/v2\/types\/product"}],"wp:featuredmedia":[{"embeddable":true,"href":"https:\/\/velkoobchod.orijintea.com\/en\/wp-json\/wp\/v2\/media\/14176"}],"wp:attachment":[{"href":"https:\/\/velkoobchod.orijintea.com\/en\/wp-json\/wp\/v2\/media?parent=14368"}],"wp:term":[{"taxonomy":"product_cat","embeddable":true,"href":"https:\/\/velkoobchod.orijintea.com\/en\/wp-json\/wp\/v2\/product_cat?post=14368"},{"taxonomy":"product_tag","embeddable":true,"href":"https:\/\/velkoobchod.orijintea.com\/en\/wp-json\/wp\/v2\/product_tag?post=14368"}],"curies":[{"name":"wp","href":"https:\/\/api.w.org\/{rel}","templated":true}]}}