{"id":14370,"date":"2025-08-18T14:59:33","date_gmt":"2025-08-18T12:59:33","guid":{"rendered":"https:\/\/velkoobchod.orijintea.com\/produkt\/miska-prusvitna-s-fenixem\/"},"modified":"2025-10-23T15:20:14","modified_gmt":"2025-10-23T13:20:14","slug":"miska-prusvitna-s-fenixem","status":"publish","type":"product","link":"https:\/\/velkoobchod.orijintea.com\/en\/produkt\/miska-prusvitna-s-fenixem\/","title":{"rendered":"Miska pr\u016fsvitn\u00e1 s f\u00e9nixem"},"content":{"rendered":"","protected":false},"excerpt":{"rendered":"<p>Sv\u011btle modrozelen\u00e1 pr\u016fsvitn\u00e1 miska s reli\u00e9fn\u00edm dekorem f\u00e9nixe. Historicky ji pou\u017e\u00edvaly d\u00e1my. P\u00e1rov\u00e1 miska s drakem.<\/p>\n","protected":false},"featured_media":14180,"template":"","meta":[],"product_cat":[1432,1454,1477],"product_tag":[1729],"acf":[],"_links":{"self":[{"href":"https:\/\/velkoobchod.orijintea.com\/en\/wp-json\/wp\/v2\/product\/14370"}],"collection":[{"href":"https:\/\/velkoobchod.orijintea.com\/en\/wp-json\/wp\/v2\/product"}],"about":[{"href":"https:\/\/velkoobchod.orijintea.com\/en\/wp-json\/wp\/v2\/types\/product"}],"wp:featuredmedia":[{"embeddable":true,"href":"https:\/\/velkoobchod.orijintea.com\/en\/wp-json\/wp\/v2\/media\/14180"}],"wp:attachment":[{"href":"https:\/\/velkoobchod.orijintea.com\/en\/wp-json\/wp\/v2\/media?parent=14370"}],"wp:term":[{"taxonomy":"product_cat","embeddable":true,"href":"https:\/\/velkoobchod.orijintea.com\/en\/wp-json\/wp\/v2\/product_cat?post=14370"},{"taxonomy":"product_tag","embeddable":true,"href":"https:\/\/velkoobchod.orijintea.com\/en\/wp-json\/wp\/v2\/product_tag?post=14370"}],"curies":[{"name":"wp","href":"https:\/\/api.w.org\/{rel}","templated":true}]}}