{"id":14371,"date":"2025-08-18T14:59:34","date_gmt":"2025-08-18T12:59:34","guid":{"rendered":"https:\/\/velkoobchod.orijintea.com\/produkt\/miska-prusvitna-s-drakem\/"},"modified":"2026-02-26T09:43:31","modified_gmt":"2026-02-26T08:43:31","slug":"miska-prusvitna-s-drakem","status":"publish","type":"product","link":"https:\/\/velkoobchod.orijintea.com\/en\/produkt\/miska-prusvitna-s-drakem\/","title":{"rendered":"Miska pr\u016fsvitn\u00e1 s drakem"},"content":{"rendered":"","protected":false},"excerpt":{"rendered":"<p>Sv\u011btle modrozelen\u00e1 pr\u016fsvitn\u00e1 miska s reli\u00e9fn\u00edm dekorem draka. Historicky ji pou\u017e\u00edvaly p\u00e1nov\u00e9. P\u00e1rov\u00e1 miska s f\u00e9nixem.<\/p>\n","protected":false},"featured_media":14196,"template":"","meta":[],"product_cat":[1432,1454,1477],"product_tag":[1729],"acf":[],"_links":{"self":[{"href":"https:\/\/velkoobchod.orijintea.com\/en\/wp-json\/wp\/v2\/product\/14371"}],"collection":[{"href":"https:\/\/velkoobchod.orijintea.com\/en\/wp-json\/wp\/v2\/product"}],"about":[{"href":"https:\/\/velkoobchod.orijintea.com\/en\/wp-json\/wp\/v2\/types\/product"}],"wp:featuredmedia":[{"embeddable":true,"href":"https:\/\/velkoobchod.orijintea.com\/en\/wp-json\/wp\/v2\/media\/14196"}],"wp:attachment":[{"href":"https:\/\/velkoobchod.orijintea.com\/en\/wp-json\/wp\/v2\/media?parent=14371"}],"wp:term":[{"taxonomy":"product_cat","embeddable":true,"href":"https:\/\/velkoobchod.orijintea.com\/en\/wp-json\/wp\/v2\/product_cat?post=14371"},{"taxonomy":"product_tag","embeddable":true,"href":"https:\/\/velkoobchod.orijintea.com\/en\/wp-json\/wp\/v2\/product_tag?post=14371"}],"curies":[{"name":"wp","href":"https:\/\/api.w.org\/{rel}","templated":true}]}}