{"id":14372,"date":"2025-08-18T14:59:36","date_gmt":"2025-08-18T12:59:36","guid":{"rendered":"https:\/\/velkoobchod.orijintea.com\/produkt\/miska-chryzantemovy-kvet\/"},"modified":"2025-12-08T12:27:51","modified_gmt":"2025-12-08T11:27:51","slug":"miska-chryzantemovy-kvet","status":"publish","type":"product","link":"https:\/\/velkoobchod.orijintea.com\/en\/produkt\/miska-chryzantemovy-kvet\/","title":{"rendered":"Miska chryzant\u00e9mov\u00fd kv\u011bt"},"content":{"rendered":"","protected":false},"excerpt":{"rendered":"<p>Sv\u011btle modrozelen\u00fd \u0161\u00e1lek ve tvaru chryzant\u00e9mov\u00e9ho kv\u011btu.<\/p>\n","protected":false},"featured_media":14214,"template":"","meta":[],"product_cat":[1432,1454,1477],"product_tag":[1729],"acf":[],"_links":{"self":[{"href":"https:\/\/velkoobchod.orijintea.com\/en\/wp-json\/wp\/v2\/product\/14372"}],"collection":[{"href":"https:\/\/velkoobchod.orijintea.com\/en\/wp-json\/wp\/v2\/product"}],"about":[{"href":"https:\/\/velkoobchod.orijintea.com\/en\/wp-json\/wp\/v2\/types\/product"}],"wp:featuredmedia":[{"embeddable":true,"href":"https:\/\/velkoobchod.orijintea.com\/en\/wp-json\/wp\/v2\/media\/14214"}],"wp:attachment":[{"href":"https:\/\/velkoobchod.orijintea.com\/en\/wp-json\/wp\/v2\/media?parent=14372"}],"wp:term":[{"taxonomy":"product_cat","embeddable":true,"href":"https:\/\/velkoobchod.orijintea.com\/en\/wp-json\/wp\/v2\/product_cat?post=14372"},{"taxonomy":"product_tag","embeddable":true,"href":"https:\/\/velkoobchod.orijintea.com\/en\/wp-json\/wp\/v2\/product_tag?post=14372"}],"curies":[{"name":"wp","href":"https:\/\/api.w.org\/{rel}","templated":true}]}}