{"id":14373,"date":"2025-08-18T14:59:37","date_gmt":"2025-08-18T12:59:37","guid":{"rendered":"https:\/\/velkoobchod.orijintea.com\/produkt\/miska-svetlemodra-kvet\/"},"modified":"2026-02-26T09:43:31","modified_gmt":"2026-02-26T08:43:31","slug":"miska-svetlemodra-kvet","status":"publish","type":"product","link":"https:\/\/velkoobchod.orijintea.com\/en\/produkt\/miska-svetlemodra-kvet\/","title":{"rendered":"Miska sv\u011btlemodr\u00e1 kv\u011bt"},"content":{"rendered":"","protected":false},"excerpt":{"rendered":"<p>Sv\u011btle modrozelen\u00fd \u0161\u00e1lek ve tvaru abstraktn\u00edho kv\u011btu.<\/p>\n","protected":false},"featured_media":14529,"template":"","meta":[],"product_cat":[1432,1454,1477],"product_tag":[1729],"acf":[],"_links":{"self":[{"href":"https:\/\/velkoobchod.orijintea.com\/en\/wp-json\/wp\/v2\/product\/14373"}],"collection":[{"href":"https:\/\/velkoobchod.orijintea.com\/en\/wp-json\/wp\/v2\/product"}],"about":[{"href":"https:\/\/velkoobchod.orijintea.com\/en\/wp-json\/wp\/v2\/types\/product"}],"wp:featuredmedia":[{"embeddable":true,"href":"https:\/\/velkoobchod.orijintea.com\/en\/wp-json\/wp\/v2\/media\/14529"}],"wp:attachment":[{"href":"https:\/\/velkoobchod.orijintea.com\/en\/wp-json\/wp\/v2\/media?parent=14373"}],"wp:term":[{"taxonomy":"product_cat","embeddable":true,"href":"https:\/\/velkoobchod.orijintea.com\/en\/wp-json\/wp\/v2\/product_cat?post=14373"},{"taxonomy":"product_tag","embeddable":true,"href":"https:\/\/velkoobchod.orijintea.com\/en\/wp-json\/wp\/v2\/product_tag?post=14373"}],"curies":[{"name":"wp","href":"https:\/\/api.w.org\/{rel}","templated":true}]}}