{"id":14374,"date":"2025-08-18T14:59:38","date_gmt":"2025-08-18T12:59:38","guid":{"rendered":"https:\/\/velkoobchod.orijintea.com\/produkt\/salek-svetlemodry-hory\/"},"modified":"2025-11-10T14:36:28","modified_gmt":"2025-11-10T13:36:28","slug":"salek-svetlemodry-hory","status":"publish","type":"product","link":"https:\/\/velkoobchod.orijintea.com\/en\/produkt\/salek-svetlemodry-hory\/","title":{"rendered":"\u0160\u00e1lek sv\u011btlemodr\u00fd hory"},"content":{"rendered":"","protected":false},"excerpt":{"rendered":"<p>Bohat\u011b zdoben\u00fd porcel\u00e1nov\u00fd \u0161\u00e1lek s klasick\u00fdm motivem.<\/p>\n","protected":false},"featured_media":14531,"template":"","meta":[],"product_cat":[1432,1454,1477],"product_tag":[1729],"acf":[],"_links":{"self":[{"href":"https:\/\/velkoobchod.orijintea.com\/en\/wp-json\/wp\/v2\/product\/14374"}],"collection":[{"href":"https:\/\/velkoobchod.orijintea.com\/en\/wp-json\/wp\/v2\/product"}],"about":[{"href":"https:\/\/velkoobchod.orijintea.com\/en\/wp-json\/wp\/v2\/types\/product"}],"wp:featuredmedia":[{"embeddable":true,"href":"https:\/\/velkoobchod.orijintea.com\/en\/wp-json\/wp\/v2\/media\/14531"}],"wp:attachment":[{"href":"https:\/\/velkoobchod.orijintea.com\/en\/wp-json\/wp\/v2\/media?parent=14374"}],"wp:term":[{"taxonomy":"product_cat","embeddable":true,"href":"https:\/\/velkoobchod.orijintea.com\/en\/wp-json\/wp\/v2\/product_cat?post=14374"},{"taxonomy":"product_tag","embeddable":true,"href":"https:\/\/velkoobchod.orijintea.com\/en\/wp-json\/wp\/v2\/product_tag?post=14374"}],"curies":[{"name":"wp","href":"https:\/\/api.w.org\/{rel}","templated":true}]}}