{"id":14376,"date":"2025-08-18T14:59:41","date_gmt":"2025-08-18T12:59:41","guid":{"rendered":"https:\/\/velkoobchod.orijintea.com\/produkt\/miska-horska-bystrina\/"},"modified":"2025-10-23T15:19:10","modified_gmt":"2025-10-23T13:19:10","slug":"miska-horska-bystrina","status":"publish","type":"product","link":"https:\/\/velkoobchod.orijintea.com\/en\/produkt\/miska-horska-bystrina\/","title":{"rendered":"Miska horsk\u00e1 byst\u0159ina"},"content":{"rendered":"","protected":false},"excerpt":{"rendered":"<p>Luxusn\u00ed bohat\u011b ru\u010dn\u011b dekorovan\u00e1 miska z kvalitn\u00edho porcel\u00e1nu z Jing De Zhen.<\/p>\n","protected":false},"featured_media":14232,"template":"","meta":[],"product_cat":[1432,1454,1477],"product_tag":[1729],"acf":[],"_links":{"self":[{"href":"https:\/\/velkoobchod.orijintea.com\/en\/wp-json\/wp\/v2\/product\/14376"}],"collection":[{"href":"https:\/\/velkoobchod.orijintea.com\/en\/wp-json\/wp\/v2\/product"}],"about":[{"href":"https:\/\/velkoobchod.orijintea.com\/en\/wp-json\/wp\/v2\/types\/product"}],"wp:featuredmedia":[{"embeddable":true,"href":"https:\/\/velkoobchod.orijintea.com\/en\/wp-json\/wp\/v2\/media\/14232"}],"wp:attachment":[{"href":"https:\/\/velkoobchod.orijintea.com\/en\/wp-json\/wp\/v2\/media?parent=14376"}],"wp:term":[{"taxonomy":"product_cat","embeddable":true,"href":"https:\/\/velkoobchod.orijintea.com\/en\/wp-json\/wp\/v2\/product_cat?post=14376"},{"taxonomy":"product_tag","embeddable":true,"href":"https:\/\/velkoobchod.orijintea.com\/en\/wp-json\/wp\/v2\/product_tag?post=14376"}],"curies":[{"name":"wp","href":"https:\/\/api.w.org\/{rel}","templated":true}]}}