{"id":14377,"date":"2025-08-18T14:59:42","date_gmt":"2025-08-18T12:59:42","guid":{"rendered":"https:\/\/velkoobchod.orijintea.com\/produkt\/miska-ryzova-rybky\/"},"modified":"2025-10-09T11:30:48","modified_gmt":"2025-10-09T09:30:48","slug":"miska-ryzova-rybky","status":"publish","type":"product","link":"https:\/\/velkoobchod.orijintea.com\/en\/produkt\/miska-ryzova-rybky\/","title":{"rendered":"Miska r\u00fd\u017eov\u00e1 rybky"},"content":{"rendered":"","protected":false},"excerpt":{"rendered":"<p>Luxusn\u00ed r\u00fd\u017eov\u00fd \u0161\u00e1lek s motivem rybi\u010dek z kvalitn\u00edho porcel\u00e1nu z Jing De Zhen.<\/p>\n","protected":false},"featured_media":14246,"template":"","meta":[],"product_cat":[1432,1454,1477],"product_tag":[],"acf":[],"_links":{"self":[{"href":"https:\/\/velkoobchod.orijintea.com\/en\/wp-json\/wp\/v2\/product\/14377"}],"collection":[{"href":"https:\/\/velkoobchod.orijintea.com\/en\/wp-json\/wp\/v2\/product"}],"about":[{"href":"https:\/\/velkoobchod.orijintea.com\/en\/wp-json\/wp\/v2\/types\/product"}],"wp:featuredmedia":[{"embeddable":true,"href":"https:\/\/velkoobchod.orijintea.com\/en\/wp-json\/wp\/v2\/media\/14246"}],"wp:attachment":[{"href":"https:\/\/velkoobchod.orijintea.com\/en\/wp-json\/wp\/v2\/media?parent=14377"}],"wp:term":[{"taxonomy":"product_cat","embeddable":true,"href":"https:\/\/velkoobchod.orijintea.com\/en\/wp-json\/wp\/v2\/product_cat?post=14377"},{"taxonomy":"product_tag","embeddable":true,"href":"https:\/\/velkoobchod.orijintea.com\/en\/wp-json\/wp\/v2\/product_tag?post=14377"}],"curies":[{"name":"wp","href":"https:\/\/api.w.org\/{rel}","templated":true}]}}