{"id":14378,"date":"2025-08-18T14:59:44","date_gmt":"2025-08-18T12:59:44","guid":{"rendered":"https:\/\/velkoobchod.orijintea.com\/produkt\/testovaci-souprava-150ml-2\/"},"modified":"2026-02-23T14:19:36","modified_gmt":"2026-02-23T13:19:36","slug":"testovaci-souprava-150ml-2","status":"publish","type":"product","link":"https:\/\/velkoobchod.orijintea.com\/en\/produkt\/testovaci-souprava-150ml-2\/","title":{"rendered":"Testovac\u00ed souprava 150ml"},"content":{"rendered":"","protected":false},"excerpt":{"rendered":"<p>Standardn\u00ed porcel\u00e1nov\u00e1 testovac\u00ed souprava. Mal\u00fd porcel\u00e1nov\u00fd hrnek s dr\u00e1\u017ekami, v\u00ed\u010dko, miska a l\u017ei\u010dka.<\/p>\n","protected":false},"featured_media":14557,"template":"","meta":[],"product_cat":[1432,1454,1470],"product_tag":[1729],"acf":[],"_links":{"self":[{"href":"https:\/\/velkoobchod.orijintea.com\/en\/wp-json\/wp\/v2\/product\/14378"}],"collection":[{"href":"https:\/\/velkoobchod.orijintea.com\/en\/wp-json\/wp\/v2\/product"}],"about":[{"href":"https:\/\/velkoobchod.orijintea.com\/en\/wp-json\/wp\/v2\/types\/product"}],"wp:featuredmedia":[{"embeddable":true,"href":"https:\/\/velkoobchod.orijintea.com\/en\/wp-json\/wp\/v2\/media\/14557"}],"wp:attachment":[{"href":"https:\/\/velkoobchod.orijintea.com\/en\/wp-json\/wp\/v2\/media?parent=14378"}],"wp:term":[{"taxonomy":"product_cat","embeddable":true,"href":"https:\/\/velkoobchod.orijintea.com\/en\/wp-json\/wp\/v2\/product_cat?post=14378"},{"taxonomy":"product_tag","embeddable":true,"href":"https:\/\/velkoobchod.orijintea.com\/en\/wp-json\/wp\/v2\/product_tag?post=14378"}],"curies":[{"name":"wp","href":"https:\/\/api.w.org\/{rel}","templated":true}]}}