{"id":14379,"date":"2025-08-18T14:59:45","date_gmt":"2025-08-18T12:59:45","guid":{"rendered":"https:\/\/velkoobchod.orijintea.com\/produkt\/souprava-modre-konvice-a-salku\/"},"modified":"2026-03-30T13:00:06","modified_gmt":"2026-03-30T11:00:06","slug":"souprava-modre-konvice-a-salku","status":"publish","type":"product","link":"https:\/\/velkoobchod.orijintea.com\/en\/produkt\/souprava-modre-konvice-a-salku\/","title":{"rendered":"Souprava modr\u00e9 konvice a \u0161\u00e1lk\u016f"},"content":{"rendered":"","protected":false},"excerpt":{"rendered":"<p>Porcel\u00e1nov\u00e1 souprava velk\u00e9 konvice a 4 \u0161\u00e1lk\u016f z kvalitn\u00edho porcel\u00e1nu z Jing De Zhen.<\/p>\n","protected":false},"featured_media":14254,"template":"","meta":[],"product_cat":[1432,1454,1470],"product_tag":[1729],"acf":[],"_links":{"self":[{"href":"https:\/\/velkoobchod.orijintea.com\/en\/wp-json\/wp\/v2\/product\/14379"}],"collection":[{"href":"https:\/\/velkoobchod.orijintea.com\/en\/wp-json\/wp\/v2\/product"}],"about":[{"href":"https:\/\/velkoobchod.orijintea.com\/en\/wp-json\/wp\/v2\/types\/product"}],"wp:featuredmedia":[{"embeddable":true,"href":"https:\/\/velkoobchod.orijintea.com\/en\/wp-json\/wp\/v2\/media\/14254"}],"wp:attachment":[{"href":"https:\/\/velkoobchod.orijintea.com\/en\/wp-json\/wp\/v2\/media?parent=14379"}],"wp:term":[{"taxonomy":"product_cat","embeddable":true,"href":"https:\/\/velkoobchod.orijintea.com\/en\/wp-json\/wp\/v2\/product_cat?post=14379"},{"taxonomy":"product_tag","embeddable":true,"href":"https:\/\/velkoobchod.orijintea.com\/en\/wp-json\/wp\/v2\/product_tag?post=14379"}],"curies":[{"name":"wp","href":"https:\/\/api.w.org\/{rel}","templated":true}]}}