{"id":14380,"date":"2025-08-18T14:59:53","date_gmt":"2025-08-18T12:59:53","guid":{"rendered":"https:\/\/velkoobchod.orijintea.com\/produkt\/souprava-skleneny-dzbanek-a-sitko\/"},"modified":"2025-10-23T15:26:28","modified_gmt":"2025-10-23T13:26:28","slug":"souprava-skleneny-dzbanek-a-sitko","status":"publish","type":"product","link":"https:\/\/velkoobchod.orijintea.com\/en\/produkt\/souprava-skleneny-dzbanek-a-sitko\/","title":{"rendered":"Souprava sklen\u011bn\u00fd d\u017eb\u00e1nek a s\u00edtko"},"content":{"rendered":"","protected":false},"excerpt":{"rendered":"<p>Souprava sklen\u011bn\u00e9ho d\u017eb\u00e1nku a porcel\u00e1nov\u00e9ho s\u00edtka s podstavcem\/trycht\u00fd\u0159kem.<\/p>\n","protected":false},"featured_media":14559,"template":"","meta":[],"product_cat":[1432,1466,1470],"product_tag":[1729],"acf":[],"_links":{"self":[{"href":"https:\/\/velkoobchod.orijintea.com\/en\/wp-json\/wp\/v2\/product\/14380"}],"collection":[{"href":"https:\/\/velkoobchod.orijintea.com\/en\/wp-json\/wp\/v2\/product"}],"about":[{"href":"https:\/\/velkoobchod.orijintea.com\/en\/wp-json\/wp\/v2\/types\/product"}],"wp:featuredmedia":[{"embeddable":true,"href":"https:\/\/velkoobchod.orijintea.com\/en\/wp-json\/wp\/v2\/media\/14559"}],"wp:attachment":[{"href":"https:\/\/velkoobchod.orijintea.com\/en\/wp-json\/wp\/v2\/media?parent=14380"}],"wp:term":[{"taxonomy":"product_cat","embeddable":true,"href":"https:\/\/velkoobchod.orijintea.com\/en\/wp-json\/wp\/v2\/product_cat?post=14380"},{"taxonomy":"product_tag","embeddable":true,"href":"https:\/\/velkoobchod.orijintea.com\/en\/wp-json\/wp\/v2\/product_tag?post=14380"}],"curies":[{"name":"wp","href":"https:\/\/api.w.org\/{rel}","templated":true}]}}