{"id":14381,"date":"2025-08-18T14:59:54","date_gmt":"2025-08-18T12:59:54","guid":{"rendered":"https:\/\/velkoobchod.orijintea.com\/produkt\/cestovni-souprava-s-gaiwanem-bambus\/"},"modified":"2025-12-04T15:01:47","modified_gmt":"2025-12-04T14:01:47","slug":"cestovni-souprava-s-gaiwanem-bambus","status":"publish","type":"product","link":"https:\/\/velkoobchod.orijintea.com\/en\/produkt\/cestovni-souprava-s-gaiwanem-bambus\/","title":{"rendered":"Cestovn\u00ed souprava s gaiwanem bambus"},"content":{"rendered":"","protected":false},"excerpt":{"rendered":"<p>Cestovn\u00ed souprava pro p\u0159\u00edpravu \u010daje v p\u0159\u00edrod\u011b nebo na cest\u00e1ch. Praktick\u00fd cestovn\u00ed obal.<\/p>\n","protected":false},"featured_media":14571,"template":"","meta":[],"product_cat":[1432,1454,1470],"product_tag":[1729],"acf":[],"_links":{"self":[{"href":"https:\/\/velkoobchod.orijintea.com\/en\/wp-json\/wp\/v2\/product\/14381"}],"collection":[{"href":"https:\/\/velkoobchod.orijintea.com\/en\/wp-json\/wp\/v2\/product"}],"about":[{"href":"https:\/\/velkoobchod.orijintea.com\/en\/wp-json\/wp\/v2\/types\/product"}],"wp:featuredmedia":[{"embeddable":true,"href":"https:\/\/velkoobchod.orijintea.com\/en\/wp-json\/wp\/v2\/media\/14571"}],"wp:attachment":[{"href":"https:\/\/velkoobchod.orijintea.com\/en\/wp-json\/wp\/v2\/media?parent=14381"}],"wp:term":[{"taxonomy":"product_cat","embeddable":true,"href":"https:\/\/velkoobchod.orijintea.com\/en\/wp-json\/wp\/v2\/product_cat?post=14381"},{"taxonomy":"product_tag","embeddable":true,"href":"https:\/\/velkoobchod.orijintea.com\/en\/wp-json\/wp\/v2\/product_tag?post=14381"}],"curies":[{"name":"wp","href":"https:\/\/api.w.org\/{rel}","templated":true}]}}