{"id":14383,"date":"2025-08-18T14:59:57","date_gmt":"2025-08-18T12:59:57","guid":{"rendered":"https:\/\/velkoobchod.orijintea.com\/produkt\/cestovni-souprava-sklo-a-porcelan-olivova\/"},"modified":"2026-02-09T14:29:20","modified_gmt":"2026-02-09T13:29:20","slug":"cestovni-souprava-sklo-a-porcelan-olivova","status":"publish","type":"product","link":"https:\/\/velkoobchod.orijintea.com\/en\/produkt\/cestovni-souprava-sklo-a-porcelan-olivova\/","title":{"rendered":"Cestovn\u00ed souprava sklo a porcel\u00e1n olivov\u00e1"},"content":{"rendered":"","protected":false},"excerpt":{"rendered":"<p>Cestovn\u00ed souprava pro p\u0159\u00edpravu \u010daje v p\u0159\u00edrod\u011b nebo na cest\u00e1ch. Praktick\u00fd cestovn\u00ed obal.<\/p>\n","protected":false},"featured_media":14581,"template":"","meta":[],"product_cat":[1432,1454,1470],"product_tag":[1729],"acf":[],"_links":{"self":[{"href":"https:\/\/velkoobchod.orijintea.com\/en\/wp-json\/wp\/v2\/product\/14383"}],"collection":[{"href":"https:\/\/velkoobchod.orijintea.com\/en\/wp-json\/wp\/v2\/product"}],"about":[{"href":"https:\/\/velkoobchod.orijintea.com\/en\/wp-json\/wp\/v2\/types\/product"}],"wp:featuredmedia":[{"embeddable":true,"href":"https:\/\/velkoobchod.orijintea.com\/en\/wp-json\/wp\/v2\/media\/14581"}],"wp:attachment":[{"href":"https:\/\/velkoobchod.orijintea.com\/en\/wp-json\/wp\/v2\/media?parent=14383"}],"wp:term":[{"taxonomy":"product_cat","embeddable":true,"href":"https:\/\/velkoobchod.orijintea.com\/en\/wp-json\/wp\/v2\/product_cat?post=14383"},{"taxonomy":"product_tag","embeddable":true,"href":"https:\/\/velkoobchod.orijintea.com\/en\/wp-json\/wp\/v2\/product_tag?post=14383"}],"curies":[{"name":"wp","href":"https:\/\/api.w.org\/{rel}","templated":true}]}}